{"id":10280,"date":"2025-01-31T13:31:33","date_gmt":"2025-01-31T13:31:33","guid":{"rendered":"https:\/\/www.psew.pl\/czlonkowie\/bank-ochrony-srodowiska-bos\/"},"modified":"2025-01-31T13:31:33","modified_gmt":"2025-01-31T13:31:33","slug":"bank-ochrony-srodowiska-bos","status":"publish","type":"product","link":"https:\/\/www.psew.pl\/en\/czlonkowie\/bank-ochrony-srodowiska-bos\/","title":{"rendered":"Bank Ochrony \u015arodowiska (BO\u015a)"},"content":{"rendered":"","protected":false},"excerpt":{"rendered":"<p>BO\u015a Bank has been founded in 1991. Offers financing for environmentally friendly projects. Supports local governments, small and medium-sized enterprises and individual clients in the implementation of investments related to renewable energy sources and energy efficiency. BO\u015a Bank shares experience and practical solutions in the field of sustainable development.<\/p>\n<p>&nbsp;<\/p>\n[fusion_button link=\"www.bosbank.pl\" target=\"_blank\" link_attributes=\"rel='nofollow'\" alignment_medium=\"\" alignment_small=\"\" alignment=\"center\" modal=\"\" hide_on_mobile=\"small-visibility,medium-visibility,large-visibility\" sticky_display=\"normal,sticky\" class=\"content_button\" id=\"\" color=\"default\" button_gradient_top_color=\"\" hue=\"\" saturation=\"\" lightness=\"\" alpha=\"\" button_gradient_bottom_color=\"\" button_gradient_top_color_hover=\"\" button_gradient_bottom_color_hover=\"\" gradient_start_position=\"\" gradient_end_position=\"\" gradient_type=\"\" radial_direction=\"\" linear_angle=\"180\" accent_color=\"\" accent_hover_color=\"\" type=\"\" bevel_color=\"\" bevel_color_hover=\"\" border_top=\"\" border_right=\"\" border_bottom=\"\" border_left=\"\" border_radius_top_left=\"\" border_radius_top_right=\"\" border_radius_bottom_right=\"\" border_radius_bottom_left=\"\" border_color=\"\" border_hover_color=\"\" size=\"\" padding_top=\"\" padding_right=\"\" padding_bottom=\"\" padding_left=\"\" fusion_font_family_button_font=\"\" fusion_font_variant_button_font=\"\" font_size=\"\" line_height=\"\" letter_spacing=\"\" text_transform=\"\" stretch=\"default\" margin_top=\"\" margin_right=\"\" margin_bottom=\"\" margin_left=\"\" icon=\"\" icon_position=\"left\" icon_divider=\"no\" animation_type=\"\" animation_direction=\"left\" animation_speed=\"0.3\" animation_offset=\"\"]www.bosbank.pl[\/fusion_button]\n","protected":false},"featured_media":10279,"template":"","meta":{"inline_featured_image":false},"product_cat":[117],"product_tag":[],"yoast_head":"<!-- This site is optimized with the Yoast SEO plugin v19.9 - https:\/\/yoast.com\/wordpress\/plugins\/seo\/ -->\n<title>Bank Ochrony \u015arodowiska (BO\u015a) - Polskie Stowarzyszenie Energetyki Wiatrowej<\/title>\n<meta name=\"robots\" content=\"noindex, follow\" \/>\n<meta property=\"og:locale\" content=\"en_US\" \/>\n<meta property=\"og:type\" content=\"article\" \/>\n<meta property=\"og:title\" content=\"Bank Ochrony \u015arodowiska (BO\u015a) - Polskie Stowarzyszenie Energetyki Wiatrowej\" \/>\n<meta property=\"og:description\" content=\"BO\u015a Bank has been founded in 1991. Offers financing for environmentally friendly projects. Supports local governments, small and medium-sized enterprises and individual clients in the implementation of investments related to renewable energy sources and energy efficiency. BO\u015a Bank shares experience and practical solutions in the field of sustainable development.  &nbsp;\" \/>\n<meta property=\"og:url\" content=\"https:\/\/www.psew.pl\/en\/czlonkowie\/bank-ochrony-srodowiska-bos\/\" \/>\n<meta property=\"og:site_name\" content=\"Polskie Stowarzyszenie Energetyki Wiatrowej\" \/>\n<meta property=\"og:image\" content=\"https:\/\/www.psew.pl\/wp-content\/uploads\/2025\/01\/4kX4k-bos-logo-dd.png\" \/>\n\t<meta property=\"og:image:width\" content=\"1080\" \/>\n\t<meta property=\"og:image:height\" content=\"1080\" \/>\n\t<meta property=\"og:image:type\" content=\"image\/png\" \/>\n<meta name=\"twitter:card\" content=\"summary_large_image\" \/>\n<script type=\"application\/ld+json\" class=\"yoast-schema-graph\">{\"@context\":\"https:\/\/schema.org\",\"@graph\":[{\"@type\":\"WebPage\",\"@id\":\"https:\/\/www.psew.pl\/en\/czlonkowie\/bank-ochrony-srodowiska-bos\/\",\"url\":\"https:\/\/www.psew.pl\/en\/czlonkowie\/bank-ochrony-srodowiska-bos\/\",\"name\":\"Bank Ochrony \u015arodowiska (BO\u015a) - Polskie Stowarzyszenie Energetyki Wiatrowej\",\"isPartOf\":{\"@id\":\"https:\/\/www.psew.pl\/#website\"},\"datePublished\":\"2025-01-31T13:31:33+00:00\",\"dateModified\":\"2025-01-31T13:31:33+00:00\",\"breadcrumb\":{\"@id\":\"https:\/\/www.psew.pl\/en\/czlonkowie\/bank-ochrony-srodowiska-bos\/#breadcrumb\"},\"inLanguage\":\"en-US\",\"potentialAction\":[{\"@type\":\"ReadAction\",\"target\":[\"https:\/\/www.psew.pl\/en\/czlonkowie\/bank-ochrony-srodowiska-bos\/\"]}]},{\"@type\":\"BreadcrumbList\",\"@id\":\"https:\/\/www.psew.pl\/en\/czlonkowie\/bank-ochrony-srodowiska-bos\/#breadcrumb\",\"itemListElement\":[{\"@type\":\"ListItem\",\"position\":1,\"name\":\"Strona g\u0142\u00f3wna\",\"item\":\"https:\/\/www.psew.pl\/en\/\"},{\"@type\":\"ListItem\",\"position\":2,\"name\":\"Members\",\"item\":\"https:\/\/www.psew.pl\/en\/members-display\/\"},{\"@type\":\"ListItem\",\"position\":3,\"name\":\"Bank Ochrony \u015arodowiska (BO\u015a)\"}]},{\"@type\":\"WebSite\",\"@id\":\"https:\/\/www.psew.pl\/#website\",\"url\":\"https:\/\/www.psew.pl\/\",\"name\":\"Polskie Stowarzyszenie Energetyki Wiatrowej\",\"description\":\"PSEW\",\"potentialAction\":[{\"@type\":\"SearchAction\",\"target\":{\"@type\":\"EntryPoint\",\"urlTemplate\":\"https:\/\/www.psew.pl\/?s={search_term_string}\"},\"query-input\":\"required name=search_term_string\"}],\"inLanguage\":\"en-US\"}]}<\/script>\n<!-- \/ Yoast SEO plugin. -->","yoast_head_json":{"title":"Bank Ochrony \u015arodowiska (BO\u015a) - Polskie Stowarzyszenie Energetyki Wiatrowej","robots":{"index":"noindex","follow":"follow"},"og_locale":"en_US","og_type":"article","og_title":"Bank Ochrony \u015arodowiska (BO\u015a) - Polskie Stowarzyszenie Energetyki Wiatrowej","og_description":"BO\u015a Bank has been founded in 1991. Offers financing for environmentally friendly projects. Supports local governments, small and medium-sized enterprises and individual clients in the implementation of investments related to renewable energy sources and energy efficiency. BO\u015a Bank shares experience and practical solutions in the field of sustainable development.  &nbsp;","og_url":"https:\/\/www.psew.pl\/en\/czlonkowie\/bank-ochrony-srodowiska-bos\/","og_site_name":"Polskie Stowarzyszenie Energetyki Wiatrowej","og_image":[{"width":1080,"height":1080,"url":"https:\/\/www.psew.pl\/wp-content\/uploads\/2025\/01\/4kX4k-bos-logo-dd.png","type":"image\/png"}],"twitter_card":"summary_large_image","schema":{"@context":"https:\/\/schema.org","@graph":[{"@type":"WebPage","@id":"https:\/\/www.psew.pl\/en\/czlonkowie\/bank-ochrony-srodowiska-bos\/","url":"https:\/\/www.psew.pl\/en\/czlonkowie\/bank-ochrony-srodowiska-bos\/","name":"Bank Ochrony \u015arodowiska (BO\u015a) - Polskie Stowarzyszenie Energetyki Wiatrowej","isPartOf":{"@id":"https:\/\/www.psew.pl\/#website"},"datePublished":"2025-01-31T13:31:33+00:00","dateModified":"2025-01-31T13:31:33+00:00","breadcrumb":{"@id":"https:\/\/www.psew.pl\/en\/czlonkowie\/bank-ochrony-srodowiska-bos\/#breadcrumb"},"inLanguage":"en-US","potentialAction":[{"@type":"ReadAction","target":["https:\/\/www.psew.pl\/en\/czlonkowie\/bank-ochrony-srodowiska-bos\/"]}]},{"@type":"BreadcrumbList","@id":"https:\/\/www.psew.pl\/en\/czlonkowie\/bank-ochrony-srodowiska-bos\/#breadcrumb","itemListElement":[{"@type":"ListItem","position":1,"name":"Strona g\u0142\u00f3wna","item":"https:\/\/www.psew.pl\/en\/"},{"@type":"ListItem","position":2,"name":"Members","item":"https:\/\/www.psew.pl\/en\/members-display\/"},{"@type":"ListItem","position":3,"name":"Bank Ochrony \u015arodowiska (BO\u015a)"}]},{"@type":"WebSite","@id":"https:\/\/www.psew.pl\/#website","url":"https:\/\/www.psew.pl\/","name":"Polskie Stowarzyszenie Energetyki Wiatrowej","description":"PSEW","potentialAction":[{"@type":"SearchAction","target":{"@type":"EntryPoint","urlTemplate":"https:\/\/www.psew.pl\/?s={search_term_string}"},"query-input":"required name=search_term_string"}],"inLanguage":"en-US"}]}},"_links":{"self":[{"href":"https:\/\/www.psew.pl\/en\/wp-json\/wp\/v2\/product\/10280"}],"collection":[{"href":"https:\/\/www.psew.pl\/en\/wp-json\/wp\/v2\/product"}],"about":[{"href":"https:\/\/www.psew.pl\/en\/wp-json\/wp\/v2\/types\/product"}],"wp:featuredmedia":[{"embeddable":true,"href":"https:\/\/www.psew.pl\/en\/wp-json\/wp\/v2\/media\/10279"}],"wp:attachment":[{"href":"https:\/\/www.psew.pl\/en\/wp-json\/wp\/v2\/media?parent=10280"}],"wp:term":[{"taxonomy":"product_cat","embeddable":true,"href":"https:\/\/www.psew.pl\/en\/wp-json\/wp\/v2\/product_cat?post=10280"},{"taxonomy":"product_tag","embeddable":true,"href":"https:\/\/www.psew.pl\/en\/wp-json\/wp\/v2\/product_tag?post=10280"}],"curies":[{"name":"wp","href":"https:\/\/api.w.org\/{rel}","templated":true}]}}