{"id":10747,"date":"2025-10-09T14:45:08","date_gmt":"2025-10-09T14:45:08","guid":{"rendered":"https:\/\/www.psew.pl\/?post_type=product&#038;p=10747"},"modified":"2025-10-09T14:50:28","modified_gmt":"2025-10-09T14:50:28","slug":"smulders-projects-poland","status":"publish","type":"product","link":"https:\/\/www.psew.pl\/en\/czlonkowie\/smulders-projects-poland\/","title":{"rendered":"Smulders Projects Poland"},"content":{"rendered":"","protected":false},"excerpt":{"rendered":"<p>Smulders Projects Poland to firma z wieloletnim do\u015bwiadczeniem w fabrykacji wielkogabarytowych konstrukcji stalowych. Specjalizujemy si\u0119 w produkcji secondary steel dla fundament\u00f3w morskich wie\u017c wiatrowych, takich jak platformy serwisowe, boat landing, drabiny, platformy wewn\u0119trzne. Ponadto produkujemy elementy konstrukcji stalowych stacji transformatorowych, secondary i primary, jak r\u00f3wnie\u017c elementy most\u00f3w, skomplikowane konstrukcje stalowe obiekt\u00f3w przemys\u0142owych oraz architektury cywilnej.<\/p>\n[fusion_button link=\"https:\/\/www.smuldersprojectspoland.pl\/global\/en\/home.html\" title=\"\" target=\"_blank\" link_attributes=\"rel='nofollow'\" alignment_medium=\"\" alignment_small=\"\" alignment=\"center\" modal=\"\" hide_on_mobile=\"small-visibility,medium-visibility,large-visibility\" sticky_display=\"normal,sticky\" class=\"content_button\" id=\"\" color=\"default\" button_gradient_top_color=\"\" hue=\"\" saturation=\"\" lightness=\"\" alpha=\"\" button_gradient_bottom_color=\"\" button_gradient_top_color_hover=\"\" button_gradient_bottom_color_hover=\"\" gradient_start_position=\"\" gradient_end_position=\"\" gradient_type=\"\" radial_direction=\"\" linear_angle=\"180\" accent_color=\"\" accent_hover_color=\"\" type=\"\" bevel_color=\"\" bevel_color_hover=\"\" border_top=\"\" border_right=\"\" border_bottom=\"\" border_left=\"\" border_radius_top_left=\"\" border_radius_top_right=\"\" border_radius_bottom_right=\"\" border_radius_bottom_left=\"\" border_color=\"\" border_hover_color=\"\" size=\"\" padding_top=\"\" padding_right=\"\" padding_bottom=\"\" padding_left=\"\" fusion_font_family_button_font=\"\" fusion_font_variant_button_font=\"\" font_size=\"\" line_height=\"\" letter_spacing=\"\" text_transform=\"\" stretch=\"default\" margin_top=\"\" margin_right=\"\" margin_bottom=\"\" margin_left=\"\" icon=\"\" icon_position=\"left\" icon_divider=\"no\" animation_type=\"\" animation_direction=\"left\" animation_speed=\"0.3\" animation_offset=\"\"]www.smuldersprojectspoland.pl[\/fusion_button]\n","protected":false},"featured_media":10748,"template":"","meta":{"inline_featured_image":false},"product_cat":[90],"product_tag":[],"yoast_head":"<!-- This site is optimized with the Yoast SEO plugin v19.9 - https:\/\/yoast.com\/wordpress\/plugins\/seo\/ -->\n<title>Smulders Projects Poland - Polskie Stowarzyszenie Energetyki Wiatrowej<\/title>\n<meta name=\"robots\" content=\"noindex, follow\" \/>\n<meta property=\"og:locale\" content=\"en_US\" \/>\n<meta property=\"og:type\" content=\"article\" \/>\n<meta property=\"og:title\" content=\"Smulders Projects Poland - Polskie Stowarzyszenie Energetyki Wiatrowej\" \/>\n<meta property=\"og:description\" content=\"Smulders Projects Poland to firma z wieloletnim do\u015bwiadczeniem w fabrykacji wielkogabarytowych konstrukcji stalowych. Specjalizujemy si\u0119 w produkcji secondary steel dla fundament\u00f3w morskich wie\u017c wiatrowych, takich jak platformy serwisowe, boat landing, drabiny, platformy wewn\u0119trzne. Ponadto produkujemy elementy konstrukcji stalowych stacji transformatorowych, secondary i primary, jak r\u00f3wnie\u017c elementy most\u00f3w, skomplikowane konstrukcje stalowe obiekt\u00f3w przemys\u0142owych oraz architektury cywilnej.\" \/>\n<meta property=\"og:url\" content=\"https:\/\/www.psew.pl\/czlonkowie\/smulders-projects-poland\/\" \/>\n<meta property=\"og:site_name\" content=\"Polskie Stowarzyszenie Energetyki Wiatrowej\" \/>\n<meta property=\"article:modified_time\" content=\"2025-10-09T14:50:28+00:00\" \/>\n<meta property=\"og:image\" content=\"https:\/\/www.psew.pl\/wp-content\/uploads\/2025\/10\/Smulders-Projects_2400_01_colour_RGB.png\" \/>\n\t<meta property=\"og:image:width\" content=\"23561\" \/>\n\t<meta property=\"og:image:height\" content=\"3780\" \/>\n\t<meta property=\"og:image:type\" content=\"image\/png\" \/>\n<meta name=\"twitter:card\" content=\"summary_large_image\" \/>\n<script type=\"application\/ld+json\" class=\"yoast-schema-graph\">{\"@context\":\"https:\/\/schema.org\",\"@graph\":[{\"@type\":\"WebPage\",\"@id\":\"https:\/\/www.psew.pl\/czlonkowie\/smulders-projects-poland\/\",\"url\":\"https:\/\/www.psew.pl\/czlonkowie\/smulders-projects-poland\/\",\"name\":\"Smulders Projects Poland - Polskie Stowarzyszenie Energetyki Wiatrowej\",\"isPartOf\":{\"@id\":\"https:\/\/www.psew.pl\/#website\"},\"datePublished\":\"2025-10-09T14:45:08+00:00\",\"dateModified\":\"2025-10-09T14:50:28+00:00\",\"breadcrumb\":{\"@id\":\"https:\/\/www.psew.pl\/czlonkowie\/smulders-projects-poland\/#breadcrumb\"},\"inLanguage\":\"en-US\",\"potentialAction\":[{\"@type\":\"ReadAction\",\"target\":[\"https:\/\/www.psew.pl\/czlonkowie\/smulders-projects-poland\/\"]}]},{\"@type\":\"BreadcrumbList\",\"@id\":\"https:\/\/www.psew.pl\/czlonkowie\/smulders-projects-poland\/#breadcrumb\",\"itemListElement\":[{\"@type\":\"ListItem\",\"position\":1,\"name\":\"Strona g\u0142\u00f3wna\",\"item\":\"https:\/\/www.psew.pl\/en\/\"},{\"@type\":\"ListItem\",\"position\":2,\"name\":\"Members\",\"item\":\"https:\/\/www.psew.pl\/en\/members-display\/\"},{\"@type\":\"ListItem\",\"position\":3,\"name\":\"Smulders Projects Poland\"}]},{\"@type\":\"WebSite\",\"@id\":\"https:\/\/www.psew.pl\/#website\",\"url\":\"https:\/\/www.psew.pl\/\",\"name\":\"Polskie Stowarzyszenie Energetyki Wiatrowej\",\"description\":\"PSEW\",\"potentialAction\":[{\"@type\":\"SearchAction\",\"target\":{\"@type\":\"EntryPoint\",\"urlTemplate\":\"https:\/\/www.psew.pl\/?s={search_term_string}\"},\"query-input\":\"required name=search_term_string\"}],\"inLanguage\":\"en-US\"}]}<\/script>\n<!-- \/ Yoast SEO plugin. -->","yoast_head_json":{"title":"Smulders Projects Poland - Polskie Stowarzyszenie Energetyki Wiatrowej","robots":{"index":"noindex","follow":"follow"},"og_locale":"en_US","og_type":"article","og_title":"Smulders Projects Poland - Polskie Stowarzyszenie Energetyki Wiatrowej","og_description":"Smulders Projects Poland to firma z wieloletnim do\u015bwiadczeniem w fabrykacji wielkogabarytowych konstrukcji stalowych. Specjalizujemy si\u0119 w produkcji secondary steel dla fundament\u00f3w morskich wie\u017c wiatrowych, takich jak platformy serwisowe, boat landing, drabiny, platformy wewn\u0119trzne. Ponadto produkujemy elementy konstrukcji stalowych stacji transformatorowych, secondary i primary, jak r\u00f3wnie\u017c elementy most\u00f3w, skomplikowane konstrukcje stalowe obiekt\u00f3w przemys\u0142owych oraz architektury cywilnej.","og_url":"https:\/\/www.psew.pl\/czlonkowie\/smulders-projects-poland\/","og_site_name":"Polskie Stowarzyszenie Energetyki Wiatrowej","article_modified_time":"2025-10-09T14:50:28+00:00","og_image":[{"width":23561,"height":3780,"url":"https:\/\/www.psew.pl\/wp-content\/uploads\/2025\/10\/Smulders-Projects_2400_01_colour_RGB.png","type":"image\/png"}],"twitter_card":"summary_large_image","schema":{"@context":"https:\/\/schema.org","@graph":[{"@type":"WebPage","@id":"https:\/\/www.psew.pl\/czlonkowie\/smulders-projects-poland\/","url":"https:\/\/www.psew.pl\/czlonkowie\/smulders-projects-poland\/","name":"Smulders Projects Poland - Polskie Stowarzyszenie Energetyki Wiatrowej","isPartOf":{"@id":"https:\/\/www.psew.pl\/#website"},"datePublished":"2025-10-09T14:45:08+00:00","dateModified":"2025-10-09T14:50:28+00:00","breadcrumb":{"@id":"https:\/\/www.psew.pl\/czlonkowie\/smulders-projects-poland\/#breadcrumb"},"inLanguage":"en-US","potentialAction":[{"@type":"ReadAction","target":["https:\/\/www.psew.pl\/czlonkowie\/smulders-projects-poland\/"]}]},{"@type":"BreadcrumbList","@id":"https:\/\/www.psew.pl\/czlonkowie\/smulders-projects-poland\/#breadcrumb","itemListElement":[{"@type":"ListItem","position":1,"name":"Strona g\u0142\u00f3wna","item":"https:\/\/www.psew.pl\/en\/"},{"@type":"ListItem","position":2,"name":"Members","item":"https:\/\/www.psew.pl\/en\/members-display\/"},{"@type":"ListItem","position":3,"name":"Smulders Projects Poland"}]},{"@type":"WebSite","@id":"https:\/\/www.psew.pl\/#website","url":"https:\/\/www.psew.pl\/","name":"Polskie Stowarzyszenie Energetyki Wiatrowej","description":"PSEW","potentialAction":[{"@type":"SearchAction","target":{"@type":"EntryPoint","urlTemplate":"https:\/\/www.psew.pl\/?s={search_term_string}"},"query-input":"required name=search_term_string"}],"inLanguage":"en-US"}]}},"_links":{"self":[{"href":"https:\/\/www.psew.pl\/en\/wp-json\/wp\/v2\/product\/10747"}],"collection":[{"href":"https:\/\/www.psew.pl\/en\/wp-json\/wp\/v2\/product"}],"about":[{"href":"https:\/\/www.psew.pl\/en\/wp-json\/wp\/v2\/types\/product"}],"wp:featuredmedia":[{"embeddable":true,"href":"https:\/\/www.psew.pl\/en\/wp-json\/wp\/v2\/media\/10748"}],"wp:attachment":[{"href":"https:\/\/www.psew.pl\/en\/wp-json\/wp\/v2\/media?parent=10747"}],"wp:term":[{"taxonomy":"product_cat","embeddable":true,"href":"https:\/\/www.psew.pl\/en\/wp-json\/wp\/v2\/product_cat?post=10747"},{"taxonomy":"product_tag","embeddable":true,"href":"https:\/\/www.psew.pl\/en\/wp-json\/wp\/v2\/product_tag?post=10747"}],"curies":[{"name":"wp","href":"https:\/\/api.w.org\/{rel}","templated":true}]}}