{"id":8981,"date":"2024-04-22T08:54:32","date_gmt":"2024-04-22T08:54:32","guid":{"rendered":"https:\/\/www.psew.pl\/czlonkowie\/erg-power-generation-s-p-a\/"},"modified":"2024-04-22T08:54:32","modified_gmt":"2024-04-22T08:54:32","slug":"erg-power-generation-s-p-a","status":"publish","type":"product","link":"https:\/\/www.psew.pl\/en\/czlonkowie\/erg-power-generation-s-p-a\/","title":{"rendered":"ERG Power Generation S.p.A."},"content":{"rendered":"","protected":false},"excerpt":{"rendered":"<p>The ERG S energy group, listed on the Milan Stock Exchange, was established over 80 years ago. Through the ERG Power Generation company, it implements wind farm projects. ERG is the largest producer of wind energy in Italy and one of the leading producers on the European market (1.9 GW of installed capacity in the UK, Germany, France, Bulgaria, Romania, Poland and Italy). In addition to producing energy from wind, ERG also produces and distributes energy from hydro (527 MW), solar (141 MW) and thermoelectric sources with low environmental impact (480 MW).<br \/>\nERG Power Generation entered Poland by purchasing the first project (42 MW) in July 2014 and currently has three wind farms in operation with a total installed capacity of 82 MW: Radziej\u00f3w (42 MW), S\u0142upia (26 MW) and Szyd\u0142owo (14 MW) . In 2020, ERG acquired two new projects ready for construction: Piotrk\u00f3w Kujawski (24.5MW) and Laszki (36MW), increasing the portfolio of projects in Poland to 142 MW.<br \/>\n[fusion_button link=\"https:\/\/www.erg.eu\/en\/home\" title=\"\" target=\"_blank\" link_attributes=\"rel='nofollow'\" alignment_medium=\"\" alignment_small=\"\" alignment=\"center\" modal=\"\" hide_on_mobile=\"small-visibility,medium-visibility,large-visibility\" sticky_display=\"normal,sticky\" class=\"content_button\" id=\"\" color=\"default\" button_gradient_top_color=\"\" hue=\"\" saturation=\"\" lightness=\"\" alpha=\"\" button_gradient_bottom_color=\"\" button_gradient_top_color_hover=\"\" button_gradient_bottom_color_hover=\"\" gradient_start_position=\"\" gradient_end_position=\"\" gradient_type=\"\" radial_direction=\"\" linear_angle=\"180\" accent_color=\"\" accent_hover_color=\"\" type=\"\" bevel_color=\"\" bevel_color_hover=\"\" border_top=\"\" border_right=\"\" border_bottom=\"\" border_left=\"\" border_radius_top_left=\"\" border_radius_top_right=\"\" border_radius_bottom_right=\"\" border_radius_bottom_left=\"\" border_color=\"\" border_hover_color=\"\" size=\"\" padding_top=\"\" padding_right=\"\" padding_bottom=\"\" padding_left=\"\" fusion_font_family_button_font=\"\" fusion_font_variant_button_font=\"\" font_size=\"\" line_height=\"\" letter_spacing=\"\" text_transform=\"\" stretch=\"default\" margin_top=\"\" margin_right=\"\" margin_bottom=\"\" margin_left=\"\" icon=\"\" icon_position=\"left\" icon_divider=\"no\" animation_type=\"\" animation_direction=\"left\" animation_speed=\"0.3\" animation_offset=\"\"]www.erg.eu[\/fusion_button]<\/p>\n","protected":false},"featured_media":8917,"template":"","meta":{"inline_featured_image":false},"product_cat":[117],"product_tag":[],"yoast_head":"<!-- This site is optimized with the Yoast SEO plugin v19.9 - https:\/\/yoast.com\/wordpress\/plugins\/seo\/ -->\n<title>ERG Power Generation S.p.A. - Polskie Stowarzyszenie Energetyki Wiatrowej<\/title>\n<meta name=\"robots\" content=\"noindex, follow\" \/>\n<meta property=\"og:locale\" content=\"en_US\" \/>\n<meta property=\"og:type\" content=\"article\" \/>\n<meta property=\"og:title\" content=\"ERG Power Generation S.p.A. - Polskie Stowarzyszenie Energetyki Wiatrowej\" \/>\n<meta property=\"og:description\" content=\"The ERG S energy group, listed on the Milan Stock Exchange, was established over 80 years ago. Through the ERG Power Generation company, it implements wind farm projects. ERG is the largest producer of wind energy in Italy and one of the leading producers on the European market (1.9 GW of installed capacity in the UK, Germany, France, Bulgaria, Romania, Poland and Italy). In addition to producing energy from wind, ERG also produces and distributes energy from hydro (527 MW), solar (141 MW) and thermoelectric sources with low environmental impact (480 MW). ERG Power Generation entered Poland by purchasing the first project (42 MW) in July 2014 and currently has three wind farms in operation with a total installed capacity of 82 MW: Radziej\u00f3w (42 MW), S\u0142upia (26 MW) and Szyd\u0142owo (14 MW) . In 2020, ERG acquired two new projects ready for construction: Piotrk\u00f3w Kujawski (24.5MW) and Laszki (36MW), increasing the portfolio of projects in Poland to 142 MW.\" \/>\n<meta property=\"og:url\" content=\"https:\/\/www.psew.pl\/en\/czlonkowie\/erg-power-generation-s-p-a\/\" \/>\n<meta property=\"og:site_name\" content=\"Polskie Stowarzyszenie Energetyki Wiatrowej\" \/>\n<meta property=\"og:image\" content=\"https:\/\/www.psew.pl\/wp-content\/uploads\/2024\/04\/erg.webp\" \/>\n\t<meta property=\"og:image:width\" content=\"800\" \/>\n\t<meta property=\"og:image:height\" content=\"500\" \/>\n\t<meta property=\"og:image:type\" content=\"image\/webp\" \/>\n<meta name=\"twitter:card\" content=\"summary_large_image\" \/>\n<script type=\"application\/ld+json\" class=\"yoast-schema-graph\">{\"@context\":\"https:\/\/schema.org\",\"@graph\":[{\"@type\":\"WebPage\",\"@id\":\"https:\/\/www.psew.pl\/en\/czlonkowie\/erg-power-generation-s-p-a\/\",\"url\":\"https:\/\/www.psew.pl\/en\/czlonkowie\/erg-power-generation-s-p-a\/\",\"name\":\"ERG Power Generation S.p.A. - Polskie Stowarzyszenie Energetyki Wiatrowej\",\"isPartOf\":{\"@id\":\"https:\/\/www.psew.pl\/#website\"},\"datePublished\":\"2024-04-22T08:54:32+00:00\",\"dateModified\":\"2024-04-22T08:54:32+00:00\",\"breadcrumb\":{\"@id\":\"https:\/\/www.psew.pl\/en\/czlonkowie\/erg-power-generation-s-p-a\/#breadcrumb\"},\"inLanguage\":\"en-US\",\"potentialAction\":[{\"@type\":\"ReadAction\",\"target\":[\"https:\/\/www.psew.pl\/en\/czlonkowie\/erg-power-generation-s-p-a\/\"]}]},{\"@type\":\"BreadcrumbList\",\"@id\":\"https:\/\/www.psew.pl\/en\/czlonkowie\/erg-power-generation-s-p-a\/#breadcrumb\",\"itemListElement\":[{\"@type\":\"ListItem\",\"position\":1,\"name\":\"Strona g\u0142\u00f3wna\",\"item\":\"https:\/\/www.psew.pl\/en\/\"},{\"@type\":\"ListItem\",\"position\":2,\"name\":\"Members\",\"item\":\"https:\/\/www.psew.pl\/en\/members-display\/\"},{\"@type\":\"ListItem\",\"position\":3,\"name\":\"ERG Power Generation S.p.A.\"}]},{\"@type\":\"WebSite\",\"@id\":\"https:\/\/www.psew.pl\/#website\",\"url\":\"https:\/\/www.psew.pl\/\",\"name\":\"Polskie Stowarzyszenie Energetyki Wiatrowej\",\"description\":\"PSEW\",\"potentialAction\":[{\"@type\":\"SearchAction\",\"target\":{\"@type\":\"EntryPoint\",\"urlTemplate\":\"https:\/\/www.psew.pl\/?s={search_term_string}\"},\"query-input\":\"required name=search_term_string\"}],\"inLanguage\":\"en-US\"}]}<\/script>\n<!-- \/ Yoast SEO plugin. -->","yoast_head_json":{"title":"ERG Power Generation S.p.A. - Polskie Stowarzyszenie Energetyki Wiatrowej","robots":{"index":"noindex","follow":"follow"},"og_locale":"en_US","og_type":"article","og_title":"ERG Power Generation S.p.A. - Polskie Stowarzyszenie Energetyki Wiatrowej","og_description":"The ERG S energy group, listed on the Milan Stock Exchange, was established over 80 years ago. Through the ERG Power Generation company, it implements wind farm projects. ERG is the largest producer of wind energy in Italy and one of the leading producers on the European market (1.9 GW of installed capacity in the UK, Germany, France, Bulgaria, Romania, Poland and Italy). In addition to producing energy from wind, ERG also produces and distributes energy from hydro (527 MW), solar (141 MW) and thermoelectric sources with low environmental impact (480 MW). ERG Power Generation entered Poland by purchasing the first project (42 MW) in July 2014 and currently has three wind farms in operation with a total installed capacity of 82 MW: Radziej\u00f3w (42 MW), S\u0142upia (26 MW) and Szyd\u0142owo (14 MW) . In 2020, ERG acquired two new projects ready for construction: Piotrk\u00f3w Kujawski (24.5MW) and Laszki (36MW), increasing the portfolio of projects in Poland to 142 MW.","og_url":"https:\/\/www.psew.pl\/en\/czlonkowie\/erg-power-generation-s-p-a\/","og_site_name":"Polskie Stowarzyszenie Energetyki Wiatrowej","og_image":[{"width":800,"height":500,"url":"https:\/\/www.psew.pl\/wp-content\/uploads\/2024\/04\/erg.webp","type":"image\/webp"}],"twitter_card":"summary_large_image","schema":{"@context":"https:\/\/schema.org","@graph":[{"@type":"WebPage","@id":"https:\/\/www.psew.pl\/en\/czlonkowie\/erg-power-generation-s-p-a\/","url":"https:\/\/www.psew.pl\/en\/czlonkowie\/erg-power-generation-s-p-a\/","name":"ERG Power Generation S.p.A. - Polskie Stowarzyszenie Energetyki Wiatrowej","isPartOf":{"@id":"https:\/\/www.psew.pl\/#website"},"datePublished":"2024-04-22T08:54:32+00:00","dateModified":"2024-04-22T08:54:32+00:00","breadcrumb":{"@id":"https:\/\/www.psew.pl\/en\/czlonkowie\/erg-power-generation-s-p-a\/#breadcrumb"},"inLanguage":"en-US","potentialAction":[{"@type":"ReadAction","target":["https:\/\/www.psew.pl\/en\/czlonkowie\/erg-power-generation-s-p-a\/"]}]},{"@type":"BreadcrumbList","@id":"https:\/\/www.psew.pl\/en\/czlonkowie\/erg-power-generation-s-p-a\/#breadcrumb","itemListElement":[{"@type":"ListItem","position":1,"name":"Strona g\u0142\u00f3wna","item":"https:\/\/www.psew.pl\/en\/"},{"@type":"ListItem","position":2,"name":"Members","item":"https:\/\/www.psew.pl\/en\/members-display\/"},{"@type":"ListItem","position":3,"name":"ERG Power Generation S.p.A."}]},{"@type":"WebSite","@id":"https:\/\/www.psew.pl\/#website","url":"https:\/\/www.psew.pl\/","name":"Polskie Stowarzyszenie Energetyki Wiatrowej","description":"PSEW","potentialAction":[{"@type":"SearchAction","target":{"@type":"EntryPoint","urlTemplate":"https:\/\/www.psew.pl\/?s={search_term_string}"},"query-input":"required name=search_term_string"}],"inLanguage":"en-US"}]}},"_links":{"self":[{"href":"https:\/\/www.psew.pl\/en\/wp-json\/wp\/v2\/product\/8981"}],"collection":[{"href":"https:\/\/www.psew.pl\/en\/wp-json\/wp\/v2\/product"}],"about":[{"href":"https:\/\/www.psew.pl\/en\/wp-json\/wp\/v2\/types\/product"}],"wp:featuredmedia":[{"embeddable":true,"href":"https:\/\/www.psew.pl\/en\/wp-json\/wp\/v2\/media\/8917"}],"wp:attachment":[{"href":"https:\/\/www.psew.pl\/en\/wp-json\/wp\/v2\/media?parent=8981"}],"wp:term":[{"taxonomy":"product_cat","embeddable":true,"href":"https:\/\/www.psew.pl\/en\/wp-json\/wp\/v2\/product_cat?post=8981"},{"taxonomy":"product_tag","embeddable":true,"href":"https:\/\/www.psew.pl\/en\/wp-json\/wp\/v2\/product_tag?post=8981"}],"curies":[{"name":"wp","href":"https:\/\/api.w.org\/{rel}","templated":true}]}}