{"id":8989,"date":"2024-04-22T09:13:04","date_gmt":"2024-04-22T09:13:04","guid":{"rendered":"https:\/\/www.psew.pl\/czlonkowie\/martifer-renewables-s-a\/"},"modified":"2024-04-22T09:13:04","modified_gmt":"2024-04-22T09:13:04","slug":"martifer-renewables-s-a","status":"publish","type":"product","link":"https:\/\/www.psew.pl\/en\/czlonkowie\/martifer-renewables-s-a\/","title":{"rendered":"Martifer Renewables S.A."},"content":{"rendered":"","protected":false},"excerpt":{"rendered":"<p>MARTIFER RENEWABLES S.A. which is part of a large Portuguese holding, has existed in Poland since 2005. The company operates in the renewable energy sector &#8211; it deals with the design and construction of wind farms as well as the development, production and sale of electricity throughout Poland. The MARTIFER Group, through its subordinate companies, operates on developed European markets (Portugal, Spain, Germany, Poland, Romania) and in South America (Brazil). The MARTIFER Group currently has 36.1 MW of solar and wind energy in operation. At the end of 2010, the Group sold its wind parks in Germany with a total capacity of 53.1MW. In September 2011, MARTIFER RENEWABLES S.A. made a sale to IKEA RETAIL Sp. z o. o. \u0141\u0119ki Dukielskie 10MW Wind Farm and 18MW Bukowsko Wind Farm and preliminary sale of the Ryman\u00f3w 26MW Wind Farm.<br \/>\n[fusion_button link=\"http:\/\/www.martifer.com\/\" title=\"\" target=\"_blank\" link_attributes=\"rel='nofollow'\" alignment_medium=\"\" alignment_small=\"\" alignment=\"center\" modal=\"\" hide_on_mobile=\"small-visibility,medium-visibility,large-visibility\" sticky_display=\"normal,sticky\" class=\"content_button\" id=\"\" color=\"default\" button_gradient_top_color=\"\" hue=\"\" saturation=\"\" lightness=\"\" alpha=\"\" button_gradient_bottom_color=\"\" button_gradient_top_color_hover=\"\" button_gradient_bottom_color_hover=\"\" gradient_start_position=\"\" gradient_end_position=\"\" gradient_type=\"\" radial_direction=\"\" linear_angle=\"180\" accent_color=\"\" accent_hover_color=\"\" type=\"\" bevel_color=\"\" bevel_color_hover=\"\" border_top=\"\" border_right=\"\" border_bottom=\"\" border_left=\"\" border_radius_top_left=\"\" border_radius_top_right=\"\" border_radius_bottom_right=\"\" border_radius_bottom_left=\"\" border_color=\"\" border_hover_color=\"\" size=\"\" padding_top=\"\" padding_right=\"\" padding_bottom=\"\" padding_left=\"\" fusion_font_family_button_font=\"\" fusion_font_variant_button_font=\"\" font_size=\"\" line_height=\"\" letter_spacing=\"\" text_transform=\"\" stretch=\"default\" margin_top=\"\" margin_right=\"\" margin_bottom=\"\" margin_left=\"\" icon=\"\" icon_position=\"left\" icon_divider=\"no\" animation_type=\"\" animation_direction=\"left\" animation_speed=\"0.3\" animation_offset=\"\"]www.martifer.com[\/fusion_button]<\/p>\n","protected":false},"featured_media":8927,"template":"","meta":{"inline_featured_image":false},"product_cat":[117],"product_tag":[],"yoast_head":"<!-- This site is optimized with the Yoast SEO plugin v19.9 - https:\/\/yoast.com\/wordpress\/plugins\/seo\/ -->\n<title>Martifer Renewables S.A. - Polskie Stowarzyszenie Energetyki Wiatrowej<\/title>\n<meta name=\"robots\" content=\"noindex, follow\" \/>\n<meta property=\"og:locale\" content=\"en_US\" \/>\n<meta property=\"og:type\" content=\"article\" \/>\n<meta property=\"og:title\" content=\"Martifer Renewables S.A. - Polskie Stowarzyszenie Energetyki Wiatrowej\" \/>\n<meta property=\"og:description\" content=\"MARTIFER RENEWABLES S.A. which is part of a large Portuguese holding, has existed in Poland since 2005. The company operates in the renewable energy sector - it deals with the design and construction of wind farms as well as the development, production and sale of electricity throughout Poland. The MARTIFER Group, through its subordinate companies, operates on developed European markets (Portugal, Spain, Germany, Poland, Romania) and in South America (Brazil). The MARTIFER Group currently has 36.1 MW of solar and wind energy in operation. At the end of 2010, the Group sold its wind parks in Germany with a total capacity of 53.1MW. In September 2011, MARTIFER RENEWABLES S.A. made a sale to IKEA RETAIL Sp. z o. o. \u0141\u0119ki Dukielskie 10MW Wind Farm and 18MW Bukowsko Wind Farm and preliminary sale of the Ryman\u00f3w 26MW Wind Farm.\" \/>\n<meta property=\"og:url\" content=\"https:\/\/www.psew.pl\/en\/czlonkowie\/martifer-renewables-s-a\/\" \/>\n<meta property=\"og:site_name\" content=\"Polskie Stowarzyszenie Energetyki Wiatrowej\" \/>\n<meta property=\"og:image\" content=\"https:\/\/www.psew.pl\/wp-content\/uploads\/2024\/04\/martifer.webp\" \/>\n\t<meta property=\"og:image:width\" content=\"800\" \/>\n\t<meta property=\"og:image:height\" content=\"500\" \/>\n\t<meta property=\"og:image:type\" content=\"image\/webp\" \/>\n<meta name=\"twitter:card\" content=\"summary_large_image\" \/>\n<script type=\"application\/ld+json\" class=\"yoast-schema-graph\">{\"@context\":\"https:\/\/schema.org\",\"@graph\":[{\"@type\":\"WebPage\",\"@id\":\"https:\/\/www.psew.pl\/en\/czlonkowie\/martifer-renewables-s-a\/\",\"url\":\"https:\/\/www.psew.pl\/en\/czlonkowie\/martifer-renewables-s-a\/\",\"name\":\"Martifer Renewables S.A. - Polskie Stowarzyszenie Energetyki Wiatrowej\",\"isPartOf\":{\"@id\":\"https:\/\/www.psew.pl\/#website\"},\"datePublished\":\"2024-04-22T09:13:04+00:00\",\"dateModified\":\"2024-04-22T09:13:04+00:00\",\"breadcrumb\":{\"@id\":\"https:\/\/www.psew.pl\/en\/czlonkowie\/martifer-renewables-s-a\/#breadcrumb\"},\"inLanguage\":\"en-US\",\"potentialAction\":[{\"@type\":\"ReadAction\",\"target\":[\"https:\/\/www.psew.pl\/en\/czlonkowie\/martifer-renewables-s-a\/\"]}]},{\"@type\":\"BreadcrumbList\",\"@id\":\"https:\/\/www.psew.pl\/en\/czlonkowie\/martifer-renewables-s-a\/#breadcrumb\",\"itemListElement\":[{\"@type\":\"ListItem\",\"position\":1,\"name\":\"Strona g\u0142\u00f3wna\",\"item\":\"https:\/\/www.psew.pl\/en\/\"},{\"@type\":\"ListItem\",\"position\":2,\"name\":\"Members\",\"item\":\"https:\/\/www.psew.pl\/en\/members-display\/\"},{\"@type\":\"ListItem\",\"position\":3,\"name\":\"Martifer Renewables S.A.\"}]},{\"@type\":\"WebSite\",\"@id\":\"https:\/\/www.psew.pl\/#website\",\"url\":\"https:\/\/www.psew.pl\/\",\"name\":\"Polskie Stowarzyszenie Energetyki Wiatrowej\",\"description\":\"PSEW\",\"potentialAction\":[{\"@type\":\"SearchAction\",\"target\":{\"@type\":\"EntryPoint\",\"urlTemplate\":\"https:\/\/www.psew.pl\/?s={search_term_string}\"},\"query-input\":\"required name=search_term_string\"}],\"inLanguage\":\"en-US\"}]}<\/script>\n<!-- \/ Yoast SEO plugin. -->","yoast_head_json":{"title":"Martifer Renewables S.A. - Polskie Stowarzyszenie Energetyki Wiatrowej","robots":{"index":"noindex","follow":"follow"},"og_locale":"en_US","og_type":"article","og_title":"Martifer Renewables S.A. - Polskie Stowarzyszenie Energetyki Wiatrowej","og_description":"MARTIFER RENEWABLES S.A. which is part of a large Portuguese holding, has existed in Poland since 2005. The company operates in the renewable energy sector - it deals with the design and construction of wind farms as well as the development, production and sale of electricity throughout Poland. The MARTIFER Group, through its subordinate companies, operates on developed European markets (Portugal, Spain, Germany, Poland, Romania) and in South America (Brazil). The MARTIFER Group currently has 36.1 MW of solar and wind energy in operation. At the end of 2010, the Group sold its wind parks in Germany with a total capacity of 53.1MW. In September 2011, MARTIFER RENEWABLES S.A. made a sale to IKEA RETAIL Sp. z o. o. \u0141\u0119ki Dukielskie 10MW Wind Farm and 18MW Bukowsko Wind Farm and preliminary sale of the Ryman\u00f3w 26MW Wind Farm.","og_url":"https:\/\/www.psew.pl\/en\/czlonkowie\/martifer-renewables-s-a\/","og_site_name":"Polskie Stowarzyszenie Energetyki Wiatrowej","og_image":[{"width":800,"height":500,"url":"https:\/\/www.psew.pl\/wp-content\/uploads\/2024\/04\/martifer.webp","type":"image\/webp"}],"twitter_card":"summary_large_image","schema":{"@context":"https:\/\/schema.org","@graph":[{"@type":"WebPage","@id":"https:\/\/www.psew.pl\/en\/czlonkowie\/martifer-renewables-s-a\/","url":"https:\/\/www.psew.pl\/en\/czlonkowie\/martifer-renewables-s-a\/","name":"Martifer Renewables S.A. - Polskie Stowarzyszenie Energetyki Wiatrowej","isPartOf":{"@id":"https:\/\/www.psew.pl\/#website"},"datePublished":"2024-04-22T09:13:04+00:00","dateModified":"2024-04-22T09:13:04+00:00","breadcrumb":{"@id":"https:\/\/www.psew.pl\/en\/czlonkowie\/martifer-renewables-s-a\/#breadcrumb"},"inLanguage":"en-US","potentialAction":[{"@type":"ReadAction","target":["https:\/\/www.psew.pl\/en\/czlonkowie\/martifer-renewables-s-a\/"]}]},{"@type":"BreadcrumbList","@id":"https:\/\/www.psew.pl\/en\/czlonkowie\/martifer-renewables-s-a\/#breadcrumb","itemListElement":[{"@type":"ListItem","position":1,"name":"Strona g\u0142\u00f3wna","item":"https:\/\/www.psew.pl\/en\/"},{"@type":"ListItem","position":2,"name":"Members","item":"https:\/\/www.psew.pl\/en\/members-display\/"},{"@type":"ListItem","position":3,"name":"Martifer Renewables S.A."}]},{"@type":"WebSite","@id":"https:\/\/www.psew.pl\/#website","url":"https:\/\/www.psew.pl\/","name":"Polskie Stowarzyszenie Energetyki Wiatrowej","description":"PSEW","potentialAction":[{"@type":"SearchAction","target":{"@type":"EntryPoint","urlTemplate":"https:\/\/www.psew.pl\/?s={search_term_string}"},"query-input":"required name=search_term_string"}],"inLanguage":"en-US"}]}},"_links":{"self":[{"href":"https:\/\/www.psew.pl\/en\/wp-json\/wp\/v2\/product\/8989"}],"collection":[{"href":"https:\/\/www.psew.pl\/en\/wp-json\/wp\/v2\/product"}],"about":[{"href":"https:\/\/www.psew.pl\/en\/wp-json\/wp\/v2\/types\/product"}],"wp:featuredmedia":[{"embeddable":true,"href":"https:\/\/www.psew.pl\/en\/wp-json\/wp\/v2\/media\/8927"}],"wp:attachment":[{"href":"https:\/\/www.psew.pl\/en\/wp-json\/wp\/v2\/media?parent=8989"}],"wp:term":[{"taxonomy":"product_cat","embeddable":true,"href":"https:\/\/www.psew.pl\/en\/wp-json\/wp\/v2\/product_cat?post=8989"},{"taxonomy":"product_tag","embeddable":true,"href":"https:\/\/www.psew.pl\/en\/wp-json\/wp\/v2\/product_tag?post=8989"}],"curies":[{"name":"wp","href":"https:\/\/api.w.org\/{rel}","templated":true}]}}