{"id":9022,"date":"2024-04-22T09:36:55","date_gmt":"2024-04-22T09:36:55","guid":{"rendered":"https:\/\/www.psew.pl\/czlonkowie\/pge-energia-odnawialna-s-a\/"},"modified":"2025-03-31T09:43:29","modified_gmt":"2025-03-31T09:43:29","slug":"pge-energia-odnawialna-s-a","status":"publish","type":"product","link":"https:\/\/www.psew.pl\/en\/czlonkowie\/pge-energia-odnawialna-s-a\/","title":{"rendered":"PGE Energia Odnawialna S.A."},"content":{"rendered":"","protected":false},"excerpt":{"rendered":"<p>PGE Energia Odnawialna is a company belonging to the PGE Group, which is the largest energy holding company operating on the Polish market and one of the largest entities of this type in Central and Eastern Europe. The company was founded in 1993 and initially operated under the name of Elektrownie Szczytowo-Pompowe. It has been part of the PGE Capital Group since 2007 and has been the leader of the Renewable Energy segment since 2010. The main areas of activity of PGE Energia Odnawialna are the generation of electricity from renewable energy sources (RES) and the provision of System Services (under an agreement with PSE S.A.). PGE Energia Odnawialna has four branches that carry out operational activities: ZEW Por\u0105bka \u017bar Branch, ZEW Solina-Myczkowce Branch, ZEW Dych\u00f3w Branch and EW \u017barnowiec Branch. In addition, the company manages 21 wind farms, 29 hydroelectric power plants, 4 pumped-storage power plants and 49 photovoltaic farms. The total installed capacity of all facilities is approx. 2660 MW. PGE Energia Odnawialna is the largest producer of energy from renewable sources in Poland. The company&#8217;s main areas of development in the coming years will be investments related to wind energy, energy storage and photovoltaics.<\/p>\n[fusion_button link=\"http:\/\/www.pgeeo.pl\/\" title=\"\" target=\"_blank\" link_attributes=\"rel='nofollow'\" alignment_medium=\"\" alignment_small=\"\" alignment=\"center\" modal=\"\" hide_on_mobile=\"small-visibility,medium-visibility,large-visibility\" sticky_display=\"normal,sticky\" class=\"content_button\" id=\"\" color=\"default\" button_gradient_top_color=\"\" hue=\"\" saturation=\"\" lightness=\"\" alpha=\"\" button_gradient_bottom_color=\"\" button_gradient_top_color_hover=\"\" button_gradient_bottom_color_hover=\"\" gradient_start_position=\"\" gradient_end_position=\"\" gradient_type=\"\" radial_direction=\"\" linear_angle=\"180\" accent_color=\"\" accent_hover_color=\"\" type=\"\" bevel_color=\"\" bevel_color_hover=\"\" border_top=\"\" border_right=\"\" border_bottom=\"\" border_left=\"\" border_radius_top_left=\"\" border_radius_top_right=\"\" border_radius_bottom_right=\"\" border_radius_bottom_left=\"\" border_color=\"\" border_hover_color=\"\" size=\"\" padding_top=\"\" padding_right=\"\" padding_bottom=\"\" padding_left=\"\" fusion_font_family_button_font=\"\" fusion_font_variant_button_font=\"\" font_size=\"\" line_height=\"\" letter_spacing=\"\" text_transform=\"\" stretch=\"default\" margin_top=\"\" margin_right=\"\" margin_bottom=\"\" margin_left=\"\" icon=\"\" icon_position=\"left\" icon_divider=\"no\" animation_type=\"\" animation_direction=\"left\" animation_speed=\"0.3\" animation_offset=\"\"]www.pgeeo.pl[\/fusion_button]\n","protected":false},"featured_media":8939,"template":"","meta":{"inline_featured_image":false},"product_cat":[117],"product_tag":[],"yoast_head":"<!-- This site is optimized with the Yoast SEO plugin v19.9 - https:\/\/yoast.com\/wordpress\/plugins\/seo\/ -->\n<title>PGE Energia Odnawialna S.A. - Polskie Stowarzyszenie Energetyki Wiatrowej<\/title>\n<meta name=\"robots\" content=\"noindex, follow\" \/>\n<meta property=\"og:locale\" content=\"en_US\" \/>\n<meta property=\"og:type\" content=\"article\" \/>\n<meta property=\"og:title\" content=\"PGE Energia Odnawialna S.A. - Polskie Stowarzyszenie Energetyki Wiatrowej\" \/>\n<meta property=\"og:description\" content=\"PGE Energia Odnawialna is a company belonging to the PGE Group, which is the largest energy holding company operating on the Polish market and one of the largest entities of this type in Central and Eastern Europe. The company was founded in 1993 and initially operated under the name of Elektrownie Szczytowo-Pompowe. It has been part of the PGE Capital Group since 2007 and has been the leader of the Renewable Energy segment since 2010. The main areas of activity of PGE Energia Odnawialna are the generation of electricity from renewable energy sources (RES) and the provision of System Services (under an agreement with PSE S.A.). PGE Energia Odnawialna has four branches that carry out operational activities: ZEW Por\u0105bka \u017bar Branch, ZEW Solina-Myczkowce Branch, ZEW Dych\u00f3w Branch and EW \u017barnowiec Branch. In addition, the company manages 21 wind farms, 29 hydroelectric power plants, 4 pumped-storage power plants and 49 photovoltaic farms. The total installed capacity of all facilities is approx. 2660 MW. PGE Energia Odnawialna is the largest producer of energy from renewable sources in Poland. The company&#039;s main areas of development in the coming years will be investments related to wind energy, energy storage and photovoltaics.\" \/>\n<meta property=\"og:url\" content=\"https:\/\/www.psew.pl\/en\/czlonkowie\/pge-energia-odnawialna-s-a\/\" \/>\n<meta property=\"og:site_name\" content=\"Polskie Stowarzyszenie Energetyki Wiatrowej\" \/>\n<meta property=\"article:modified_time\" content=\"2025-03-31T09:43:29+00:00\" \/>\n<meta property=\"og:image\" content=\"https:\/\/www.psew.pl\/wp-content\/uploads\/2024\/04\/pge.webp\" \/>\n\t<meta property=\"og:image:width\" content=\"800\" \/>\n\t<meta property=\"og:image:height\" content=\"500\" \/>\n\t<meta property=\"og:image:type\" content=\"image\/webp\" \/>\n<meta name=\"twitter:card\" content=\"summary_large_image\" \/>\n<script type=\"application\/ld+json\" class=\"yoast-schema-graph\">{\"@context\":\"https:\/\/schema.org\",\"@graph\":[{\"@type\":\"WebPage\",\"@id\":\"https:\/\/www.psew.pl\/en\/czlonkowie\/pge-energia-odnawialna-s-a\/\",\"url\":\"https:\/\/www.psew.pl\/en\/czlonkowie\/pge-energia-odnawialna-s-a\/\",\"name\":\"PGE Energia Odnawialna S.A. - Polskie Stowarzyszenie Energetyki Wiatrowej\",\"isPartOf\":{\"@id\":\"https:\/\/www.psew.pl\/#website\"},\"datePublished\":\"2024-04-22T09:36:55+00:00\",\"dateModified\":\"2025-03-31T09:43:29+00:00\",\"breadcrumb\":{\"@id\":\"https:\/\/www.psew.pl\/en\/czlonkowie\/pge-energia-odnawialna-s-a\/#breadcrumb\"},\"inLanguage\":\"en-US\",\"potentialAction\":[{\"@type\":\"ReadAction\",\"target\":[\"https:\/\/www.psew.pl\/en\/czlonkowie\/pge-energia-odnawialna-s-a\/\"]}]},{\"@type\":\"BreadcrumbList\",\"@id\":\"https:\/\/www.psew.pl\/en\/czlonkowie\/pge-energia-odnawialna-s-a\/#breadcrumb\",\"itemListElement\":[{\"@type\":\"ListItem\",\"position\":1,\"name\":\"Strona g\u0142\u00f3wna\",\"item\":\"https:\/\/www.psew.pl\/en\/\"},{\"@type\":\"ListItem\",\"position\":2,\"name\":\"Members\",\"item\":\"https:\/\/www.psew.pl\/en\/members-display\/\"},{\"@type\":\"ListItem\",\"position\":3,\"name\":\"PGE Energia Odnawialna S.A.\"}]},{\"@type\":\"WebSite\",\"@id\":\"https:\/\/www.psew.pl\/#website\",\"url\":\"https:\/\/www.psew.pl\/\",\"name\":\"Polskie Stowarzyszenie Energetyki Wiatrowej\",\"description\":\"PSEW\",\"potentialAction\":[{\"@type\":\"SearchAction\",\"target\":{\"@type\":\"EntryPoint\",\"urlTemplate\":\"https:\/\/www.psew.pl\/?s={search_term_string}\"},\"query-input\":\"required name=search_term_string\"}],\"inLanguage\":\"en-US\"}]}<\/script>\n<!-- \/ Yoast SEO plugin. -->","yoast_head_json":{"title":"PGE Energia Odnawialna S.A. - Polskie Stowarzyszenie Energetyki Wiatrowej","robots":{"index":"noindex","follow":"follow"},"og_locale":"en_US","og_type":"article","og_title":"PGE Energia Odnawialna S.A. - Polskie Stowarzyszenie Energetyki Wiatrowej","og_description":"PGE Energia Odnawialna is a company belonging to the PGE Group, which is the largest energy holding company operating on the Polish market and one of the largest entities of this type in Central and Eastern Europe. The company was founded in 1993 and initially operated under the name of Elektrownie Szczytowo-Pompowe. It has been part of the PGE Capital Group since 2007 and has been the leader of the Renewable Energy segment since 2010. The main areas of activity of PGE Energia Odnawialna are the generation of electricity from renewable energy sources (RES) and the provision of System Services (under an agreement with PSE S.A.). PGE Energia Odnawialna has four branches that carry out operational activities: ZEW Por\u0105bka \u017bar Branch, ZEW Solina-Myczkowce Branch, ZEW Dych\u00f3w Branch and EW \u017barnowiec Branch. In addition, the company manages 21 wind farms, 29 hydroelectric power plants, 4 pumped-storage power plants and 49 photovoltaic farms. The total installed capacity of all facilities is approx. 2660 MW. PGE Energia Odnawialna is the largest producer of energy from renewable sources in Poland. The company's main areas of development in the coming years will be investments related to wind energy, energy storage and photovoltaics.","og_url":"https:\/\/www.psew.pl\/en\/czlonkowie\/pge-energia-odnawialna-s-a\/","og_site_name":"Polskie Stowarzyszenie Energetyki Wiatrowej","article_modified_time":"2025-03-31T09:43:29+00:00","og_image":[{"width":800,"height":500,"url":"https:\/\/www.psew.pl\/wp-content\/uploads\/2024\/04\/pge.webp","type":"image\/webp"}],"twitter_card":"summary_large_image","schema":{"@context":"https:\/\/schema.org","@graph":[{"@type":"WebPage","@id":"https:\/\/www.psew.pl\/en\/czlonkowie\/pge-energia-odnawialna-s-a\/","url":"https:\/\/www.psew.pl\/en\/czlonkowie\/pge-energia-odnawialna-s-a\/","name":"PGE Energia Odnawialna S.A. - Polskie Stowarzyszenie Energetyki Wiatrowej","isPartOf":{"@id":"https:\/\/www.psew.pl\/#website"},"datePublished":"2024-04-22T09:36:55+00:00","dateModified":"2025-03-31T09:43:29+00:00","breadcrumb":{"@id":"https:\/\/www.psew.pl\/en\/czlonkowie\/pge-energia-odnawialna-s-a\/#breadcrumb"},"inLanguage":"en-US","potentialAction":[{"@type":"ReadAction","target":["https:\/\/www.psew.pl\/en\/czlonkowie\/pge-energia-odnawialna-s-a\/"]}]},{"@type":"BreadcrumbList","@id":"https:\/\/www.psew.pl\/en\/czlonkowie\/pge-energia-odnawialna-s-a\/#breadcrumb","itemListElement":[{"@type":"ListItem","position":1,"name":"Strona g\u0142\u00f3wna","item":"https:\/\/www.psew.pl\/en\/"},{"@type":"ListItem","position":2,"name":"Members","item":"https:\/\/www.psew.pl\/en\/members-display\/"},{"@type":"ListItem","position":3,"name":"PGE Energia Odnawialna S.A."}]},{"@type":"WebSite","@id":"https:\/\/www.psew.pl\/#website","url":"https:\/\/www.psew.pl\/","name":"Polskie Stowarzyszenie Energetyki Wiatrowej","description":"PSEW","potentialAction":[{"@type":"SearchAction","target":{"@type":"EntryPoint","urlTemplate":"https:\/\/www.psew.pl\/?s={search_term_string}"},"query-input":"required name=search_term_string"}],"inLanguage":"en-US"}]}},"_links":{"self":[{"href":"https:\/\/www.psew.pl\/en\/wp-json\/wp\/v2\/product\/9022"}],"collection":[{"href":"https:\/\/www.psew.pl\/en\/wp-json\/wp\/v2\/product"}],"about":[{"href":"https:\/\/www.psew.pl\/en\/wp-json\/wp\/v2\/types\/product"}],"wp:featuredmedia":[{"embeddable":true,"href":"https:\/\/www.psew.pl\/en\/wp-json\/wp\/v2\/media\/8939"}],"wp:attachment":[{"href":"https:\/\/www.psew.pl\/en\/wp-json\/wp\/v2\/media?parent=9022"}],"wp:term":[{"taxonomy":"product_cat","embeddable":true,"href":"https:\/\/www.psew.pl\/en\/wp-json\/wp\/v2\/product_cat?post=9022"},{"taxonomy":"product_tag","embeddable":true,"href":"https:\/\/www.psew.pl\/en\/wp-json\/wp\/v2\/product_tag?post=9022"}],"curies":[{"name":"wp","href":"https:\/\/api.w.org\/{rel}","templated":true}]}}