{"id":9027,"date":"2024-04-22T09:43:45","date_gmt":"2024-04-22T09:43:45","guid":{"rendered":"https:\/\/www.psew.pl\/czlonkowie\/pkn-orlen-s-a\/"},"modified":"2024-09-03T13:57:31","modified_gmt":"2024-09-03T13:57:31","slug":"pkn-orlen-s-a","status":"publish","type":"product","link":"https:\/\/www.psew.pl\/en\/czlonkowie\/pkn-orlen-s-a\/","title":{"rendered":"Orlen S.A."},"content":{"rendered":"","protected":false},"excerpt":{"rendered":"<p>Grupa ORLEN, to najwi\u0119kszy koncern paliwowo-energetyczny w Europie \u015arodkowej. Prowadzimy dzia\u0142alno\u015b\u0107 na 6 rynkach \u2013 w Polsce, Czechach, Niemczech, na Litwie, S\u0142owacji i w Kanadzie. Posiadamy aktywa energetyczne o \u0142\u0105cznej mocy 3,3 GW, w tym 642 MW w odnawialnych \u017ar\u00f3d\u0142ach energii. Inwestycja w morsk\u0105 energetyk\u0119 wiatrow\u0105 jest jednym z kluczowych element\u00f3w strategii ORLEN2030, dzi\u0119ki kt\u00f3rej chcemy sta\u0107 si\u0119 liderem transformacji energetycznej w naszym regionie. Do 2050 roku Grupa ORLEN zamierza osi\u0105gn\u0105\u0107 neutralno\u015b\u0107 emisyjn\u0105.<\/p>\n<p>W perspektywie najbli\u017cszej dekady Grupa ORLEN na inwestycje w nisko- i zeroemisyjne \u017ar\u00f3d\u0142a energii przeznaczy \u0142\u0105cznie 47 mld z\u0142. Koncern b\u0119dzie koncentrowa\u0142 si\u0119 przede wszystkim na morskiej i l\u0105dowej energetyce wiatrowej oraz fotowoltaice, a zeroemisyjne \u017ar\u00f3d\u0142a b\u0119d\u0105 wspierane nowoczesnymi, niskoemisyjnymi \u017ar\u00f3d\u0142ami gazowymi.<\/p>\n<p>Aktywa energetyczne Koncernu obejmuj\u0105 m.in. 58 elektrowni produkuj\u0105cych energi\u0119 z odnawialnych \u017ar\u00f3de\u0142, w tym przede wszystkim elektrownie wodne, farmy fotowoltaiczne i l\u0105dowe farmy wiatrowe. Segment energetyki wiatrowej tworzy 10 farm, kt\u00f3rych \u0142\u0105czna moc zainstalowana wynosi 353 MW. Ponadto Grupa ORLEN posiada dwa nowoczesne bloki parowo-gazowe w P\u0142ocku i W\u0142oc\u0142awku oraz EC P\u0142ock \u2013 najwi\u0119ksz\u0105 elektrociep\u0142owni\u0119 przemys\u0142ow\u0105 w Polsce i jedn\u0105 z najwi\u0119kszych w Europie. Koncern posiada r\u00f3wnie\u017c rozbudowan\u0105 sieci linii przesy\u0142owych o \u0142\u0105czonej d\u0142ugo\u015bci ok. 200 tysi\u0119cy kilometr\u00f3w, kt\u00f3ra zapewnia sta\u0142e dostawy energii dla ok. 3 milion\u00f3w odbiorc\u00f3w.<\/p>\n<p>Ze szczeg\u00f3\u0142ami strategii ORLEN2030 mo\u017cna zapozna\u0107 si\u0119 na stronie www.orlen.pl\/orlen2030<\/p>\n[fusion_button link=\"http:\/\/www.orlen.pl\/\" title=\"\" target=\"_blank\" link_attributes=\"rel='nofollow'\" alignment_medium=\"\" alignment_small=\"\" alignment=\"center\" modal=\"\" hide_on_mobile=\"small-visibility,medium-visibility,large-visibility\" sticky_display=\"normal,sticky\" class=\"content_button\" id=\"\" color=\"default\" button_gradient_top_color=\"\" hue=\"\" saturation=\"\" lightness=\"\" alpha=\"\" button_gradient_bottom_color=\"\" button_gradient_top_color_hover=\"\" button_gradient_bottom_color_hover=\"\" gradient_start_position=\"\" gradient_end_position=\"\" gradient_type=\"\" radial_direction=\"\" linear_angle=\"180\" accent_color=\"\" accent_hover_color=\"\" type=\"\" bevel_color=\"\" bevel_color_hover=\"\" border_top=\"\" border_right=\"\" border_bottom=\"\" border_left=\"\" border_radius_top_left=\"\" border_radius_top_right=\"\" border_radius_bottom_right=\"\" border_radius_bottom_left=\"\" border_color=\"\" border_hover_color=\"\" size=\"\" padding_top=\"\" padding_right=\"\" padding_bottom=\"\" padding_left=\"\" fusion_font_family_button_font=\"\" fusion_font_variant_button_font=\"\" font_size=\"\" line_height=\"\" letter_spacing=\"\" text_transform=\"\" stretch=\"default\" margin_top=\"\" margin_right=\"\" margin_bottom=\"\" margin_left=\"\" icon=\"\" icon_position=\"left\" icon_divider=\"no\" animation_type=\"\" animation_direction=\"left\" animation_speed=\"0.3\" animation_offset=\"\"]www.orlen.pl[\/fusion_button]\n","protected":false},"featured_media":8935,"template":"","meta":{"inline_featured_image":false},"product_cat":[117],"product_tag":[],"yoast_head":"<!-- This site is optimized with the Yoast SEO plugin v19.9 - https:\/\/yoast.com\/wordpress\/plugins\/seo\/ -->\n<title>Orlen S.A. - Polskie Stowarzyszenie Energetyki Wiatrowej<\/title>\n<meta name=\"robots\" content=\"noindex, follow\" \/>\n<meta property=\"og:locale\" content=\"en_US\" \/>\n<meta property=\"og:type\" content=\"article\" \/>\n<meta property=\"og:title\" content=\"Orlen S.A. - Polskie Stowarzyszenie Energetyki Wiatrowej\" \/>\n<meta property=\"og:description\" content=\"Grupa ORLEN, to najwi\u0119kszy koncern paliwowo-energetyczny w Europie \u015arodkowej. Prowadzimy dzia\u0142alno\u015b\u0107 na 6 rynkach \u2013 w Polsce, Czechach, Niemczech, na Litwie, S\u0142owacji i w Kanadzie. Posiadamy aktywa energetyczne o \u0142\u0105cznej mocy 3,3 GW, w tym 642 MW w odnawialnych \u017ar\u00f3d\u0142ach energii. Inwestycja w morsk\u0105 energetyk\u0119 wiatrow\u0105 jest jednym z kluczowych element\u00f3w strategii ORLEN2030, dzi\u0119ki kt\u00f3rej chcemy sta\u0107 si\u0119 liderem transformacji energetycznej w naszym regionie. Do 2050 roku Grupa ORLEN zamierza osi\u0105gn\u0105\u0107 neutralno\u015b\u0107 emisyjn\u0105. W perspektywie najbli\u017cszej dekady Grupa ORLEN na inwestycje w nisko- i zeroemisyjne \u017ar\u00f3d\u0142a energii przeznaczy \u0142\u0105cznie 47 mld z\u0142. Koncern b\u0119dzie koncentrowa\u0142 si\u0119 przede wszystkim na morskiej i l\u0105dowej energetyce wiatrowej oraz fotowoltaice, a zeroemisyjne \u017ar\u00f3d\u0142a b\u0119d\u0105 wspierane nowoczesnymi, niskoemisyjnymi \u017ar\u00f3d\u0142ami gazowymi. Aktywa energetyczne Koncernu obejmuj\u0105 m.in. 58 elektrowni produkuj\u0105cych energi\u0119 z odnawialnych \u017ar\u00f3de\u0142, w tym przede wszystkim elektrownie wodne, farmy fotowoltaiczne i l\u0105dowe farmy wiatrowe. Segment energetyki wiatrowej tworzy 10 farm, kt\u00f3rych \u0142\u0105czna moc zainstalowana wynosi 353 MW. Ponadto Grupa ORLEN posiada dwa nowoczesne bloki parowo-gazowe w P\u0142ocku i W\u0142oc\u0142awku oraz EC P\u0142ock \u2013 najwi\u0119ksz\u0105 elektrociep\u0142owni\u0119 przemys\u0142ow\u0105 w Polsce i jedn\u0105 z najwi\u0119kszych w Europie. Koncern posiada r\u00f3wnie\u017c rozbudowan\u0105 sieci linii przesy\u0142owych o \u0142\u0105czonej d\u0142ugo\u015bci ok. 200 tysi\u0119cy kilometr\u00f3w, kt\u00f3ra zapewnia sta\u0142e dostawy energii dla ok. 3 milion\u00f3w odbiorc\u00f3w. Ze szczeg\u00f3\u0142ami strategii ORLEN2030 mo\u017cna zapozna\u0107 si\u0119 na stronie www.orlen.pl\/orlen2030\" \/>\n<meta property=\"og:url\" content=\"https:\/\/www.psew.pl\/en\/czlonkowie\/pkn-orlen-s-a\/\" \/>\n<meta property=\"og:site_name\" content=\"Polskie Stowarzyszenie Energetyki Wiatrowej\" \/>\n<meta property=\"article:modified_time\" content=\"2024-09-03T13:57:31+00:00\" \/>\n<meta property=\"og:image\" content=\"https:\/\/www.psew.pl\/wp-content\/uploads\/2024\/04\/orlen.webp\" \/>\n\t<meta property=\"og:image:width\" content=\"800\" \/>\n\t<meta property=\"og:image:height\" content=\"500\" \/>\n\t<meta property=\"og:image:type\" content=\"image\/webp\" \/>\n<meta name=\"twitter:card\" content=\"summary_large_image\" \/>\n<script type=\"application\/ld+json\" class=\"yoast-schema-graph\">{\"@context\":\"https:\/\/schema.org\",\"@graph\":[{\"@type\":\"WebPage\",\"@id\":\"https:\/\/www.psew.pl\/en\/czlonkowie\/pkn-orlen-s-a\/\",\"url\":\"https:\/\/www.psew.pl\/en\/czlonkowie\/pkn-orlen-s-a\/\",\"name\":\"Orlen S.A. - Polskie Stowarzyszenie Energetyki Wiatrowej\",\"isPartOf\":{\"@id\":\"https:\/\/www.psew.pl\/#website\"},\"datePublished\":\"2024-04-22T09:43:45+00:00\",\"dateModified\":\"2024-09-03T13:57:31+00:00\",\"breadcrumb\":{\"@id\":\"https:\/\/www.psew.pl\/en\/czlonkowie\/pkn-orlen-s-a\/#breadcrumb\"},\"inLanguage\":\"en-US\",\"potentialAction\":[{\"@type\":\"ReadAction\",\"target\":[\"https:\/\/www.psew.pl\/en\/czlonkowie\/pkn-orlen-s-a\/\"]}]},{\"@type\":\"BreadcrumbList\",\"@id\":\"https:\/\/www.psew.pl\/en\/czlonkowie\/pkn-orlen-s-a\/#breadcrumb\",\"itemListElement\":[{\"@type\":\"ListItem\",\"position\":1,\"name\":\"Strona g\u0142\u00f3wna\",\"item\":\"https:\/\/www.psew.pl\/en\/\"},{\"@type\":\"ListItem\",\"position\":2,\"name\":\"Members\",\"item\":\"https:\/\/www.psew.pl\/en\/members-display\/\"},{\"@type\":\"ListItem\",\"position\":3,\"name\":\"Orlen S.A.\"}]},{\"@type\":\"WebSite\",\"@id\":\"https:\/\/www.psew.pl\/#website\",\"url\":\"https:\/\/www.psew.pl\/\",\"name\":\"Polskie Stowarzyszenie Energetyki Wiatrowej\",\"description\":\"PSEW\",\"potentialAction\":[{\"@type\":\"SearchAction\",\"target\":{\"@type\":\"EntryPoint\",\"urlTemplate\":\"https:\/\/www.psew.pl\/?s={search_term_string}\"},\"query-input\":\"required name=search_term_string\"}],\"inLanguage\":\"en-US\"}]}<\/script>\n<!-- \/ Yoast SEO plugin. -->","yoast_head_json":{"title":"Orlen S.A. - Polskie Stowarzyszenie Energetyki Wiatrowej","robots":{"index":"noindex","follow":"follow"},"og_locale":"en_US","og_type":"article","og_title":"Orlen S.A. - Polskie Stowarzyszenie Energetyki Wiatrowej","og_description":"Grupa ORLEN, to najwi\u0119kszy koncern paliwowo-energetyczny w Europie \u015arodkowej. Prowadzimy dzia\u0142alno\u015b\u0107 na 6 rynkach \u2013 w Polsce, Czechach, Niemczech, na Litwie, S\u0142owacji i w Kanadzie. Posiadamy aktywa energetyczne o \u0142\u0105cznej mocy 3,3 GW, w tym 642 MW w odnawialnych \u017ar\u00f3d\u0142ach energii. Inwestycja w morsk\u0105 energetyk\u0119 wiatrow\u0105 jest jednym z kluczowych element\u00f3w strategii ORLEN2030, dzi\u0119ki kt\u00f3rej chcemy sta\u0107 si\u0119 liderem transformacji energetycznej w naszym regionie. Do 2050 roku Grupa ORLEN zamierza osi\u0105gn\u0105\u0107 neutralno\u015b\u0107 emisyjn\u0105. W perspektywie najbli\u017cszej dekady Grupa ORLEN na inwestycje w nisko- i zeroemisyjne \u017ar\u00f3d\u0142a energii przeznaczy \u0142\u0105cznie 47 mld z\u0142. Koncern b\u0119dzie koncentrowa\u0142 si\u0119 przede wszystkim na morskiej i l\u0105dowej energetyce wiatrowej oraz fotowoltaice, a zeroemisyjne \u017ar\u00f3d\u0142a b\u0119d\u0105 wspierane nowoczesnymi, niskoemisyjnymi \u017ar\u00f3d\u0142ami gazowymi. Aktywa energetyczne Koncernu obejmuj\u0105 m.in. 58 elektrowni produkuj\u0105cych energi\u0119 z odnawialnych \u017ar\u00f3de\u0142, w tym przede wszystkim elektrownie wodne, farmy fotowoltaiczne i l\u0105dowe farmy wiatrowe. Segment energetyki wiatrowej tworzy 10 farm, kt\u00f3rych \u0142\u0105czna moc zainstalowana wynosi 353 MW. Ponadto Grupa ORLEN posiada dwa nowoczesne bloki parowo-gazowe w P\u0142ocku i W\u0142oc\u0142awku oraz EC P\u0142ock \u2013 najwi\u0119ksz\u0105 elektrociep\u0142owni\u0119 przemys\u0142ow\u0105 w Polsce i jedn\u0105 z najwi\u0119kszych w Europie. Koncern posiada r\u00f3wnie\u017c rozbudowan\u0105 sieci linii przesy\u0142owych o \u0142\u0105czonej d\u0142ugo\u015bci ok. 200 tysi\u0119cy kilometr\u00f3w, kt\u00f3ra zapewnia sta\u0142e dostawy energii dla ok. 3 milion\u00f3w odbiorc\u00f3w. Ze szczeg\u00f3\u0142ami strategii ORLEN2030 mo\u017cna zapozna\u0107 si\u0119 na stronie www.orlen.pl\/orlen2030","og_url":"https:\/\/www.psew.pl\/en\/czlonkowie\/pkn-orlen-s-a\/","og_site_name":"Polskie Stowarzyszenie Energetyki Wiatrowej","article_modified_time":"2024-09-03T13:57:31+00:00","og_image":[{"width":800,"height":500,"url":"https:\/\/www.psew.pl\/wp-content\/uploads\/2024\/04\/orlen.webp","type":"image\/webp"}],"twitter_card":"summary_large_image","schema":{"@context":"https:\/\/schema.org","@graph":[{"@type":"WebPage","@id":"https:\/\/www.psew.pl\/en\/czlonkowie\/pkn-orlen-s-a\/","url":"https:\/\/www.psew.pl\/en\/czlonkowie\/pkn-orlen-s-a\/","name":"Orlen S.A. - Polskie Stowarzyszenie Energetyki Wiatrowej","isPartOf":{"@id":"https:\/\/www.psew.pl\/#website"},"datePublished":"2024-04-22T09:43:45+00:00","dateModified":"2024-09-03T13:57:31+00:00","breadcrumb":{"@id":"https:\/\/www.psew.pl\/en\/czlonkowie\/pkn-orlen-s-a\/#breadcrumb"},"inLanguage":"en-US","potentialAction":[{"@type":"ReadAction","target":["https:\/\/www.psew.pl\/en\/czlonkowie\/pkn-orlen-s-a\/"]}]},{"@type":"BreadcrumbList","@id":"https:\/\/www.psew.pl\/en\/czlonkowie\/pkn-orlen-s-a\/#breadcrumb","itemListElement":[{"@type":"ListItem","position":1,"name":"Strona g\u0142\u00f3wna","item":"https:\/\/www.psew.pl\/en\/"},{"@type":"ListItem","position":2,"name":"Members","item":"https:\/\/www.psew.pl\/en\/members-display\/"},{"@type":"ListItem","position":3,"name":"Orlen S.A."}]},{"@type":"WebSite","@id":"https:\/\/www.psew.pl\/#website","url":"https:\/\/www.psew.pl\/","name":"Polskie Stowarzyszenie Energetyki Wiatrowej","description":"PSEW","potentialAction":[{"@type":"SearchAction","target":{"@type":"EntryPoint","urlTemplate":"https:\/\/www.psew.pl\/?s={search_term_string}"},"query-input":"required name=search_term_string"}],"inLanguage":"en-US"}]}},"_links":{"self":[{"href":"https:\/\/www.psew.pl\/en\/wp-json\/wp\/v2\/product\/9027"}],"collection":[{"href":"https:\/\/www.psew.pl\/en\/wp-json\/wp\/v2\/product"}],"about":[{"href":"https:\/\/www.psew.pl\/en\/wp-json\/wp\/v2\/types\/product"}],"wp:featuredmedia":[{"embeddable":true,"href":"https:\/\/www.psew.pl\/en\/wp-json\/wp\/v2\/media\/8935"}],"wp:attachment":[{"href":"https:\/\/www.psew.pl\/en\/wp-json\/wp\/v2\/media?parent=9027"}],"wp:term":[{"taxonomy":"product_cat","embeddable":true,"href":"https:\/\/www.psew.pl\/en\/wp-json\/wp\/v2\/product_cat?post=9027"},{"taxonomy":"product_tag","embeddable":true,"href":"https:\/\/www.psew.pl\/en\/wp-json\/wp\/v2\/product_tag?post=9027"}],"curies":[{"name":"wp","href":"https:\/\/api.w.org\/{rel}","templated":true}]}}