{"id":9343,"date":"2024-04-22T14:50:50","date_gmt":"2024-04-22T14:50:50","guid":{"rendered":"https:\/\/www.psew.pl\/czlonkowie\/statkraft-as\/"},"modified":"2024-09-03T13:58:39","modified_gmt":"2024-09-03T13:58:39","slug":"statkraft-as","status":"publish","type":"product","link":"https:\/\/www.psew.pl\/en\/czlonkowie\/statkraft-as\/","title":{"rendered":"Statkraft AS"},"content":{"rendered":"","protected":false},"excerpt":{"rendered":"<p>Statkraft jest wiod\u0105c\u0105 firm\u0105 w produkcji hydroenergetyki na \u015bwiecie oraz najwi\u0119kszym producentem energii odnawialnej w Europie. Grupa Statkraft produkuje energi\u0119 wodn\u0105, wiatrow\u0105, s\u0142oneczn\u0105 i gazow\u0105 oraz dostarcza energi\u0119 do system\u00f3w sieci ciep\u0142owniczych. Statkraft jest globaln\u0105 firm\u0105 na rynku obrotu energii. Firma zatrudnia 3500 pracownik\u00f3w w 16 krajach. W 2017 roku firma wyprodukowa\u0142a 62,6 TWh z 19.1 GW zainstalowanej mocy produkcyjnej, jak r\u00f3wnie\u017c 1.1 TWh dla system\u00f3w sieci ciep\u0142owniczych z 0,8 GW zainstalowanej mocy produkcyjnej \u2013 wytwarzaj\u0105c \u0142\u0105cznie zysk EBITDA na poziomie 14,4 mld NOK.<br \/>\nStatkraft odgrywa wiod\u0105c\u0105 rol\u0119 w przechodzeniu na przysz\u0142o\u015bciow\u0105 gospodark\u0119 niskoemisyjn\u0105, a tak\u017ce w zwi\u0119kszeniu stopnia rozwoju elektryfikacji spo\u0142ecze\u0144stw. Jeste\u015bmy zaanga\u017cowani przy opracowywaniu i zarz\u0105dzaniu rozwi\u0105za\u0144 energetyki zielonej, inteligentnej i dochodowej. Statkraft \u0142\u0105czy znajomo\u015b\u0107 rynku bran\u017cy energetycznej i ekspertyz\u0119 w dziedzinie obs\u0142ugi i u\u017cytkowania (O&amp;M) wraz z unikalnym portfolio energetycznym, kt\u00f3ry tworzy warto\u015bci dodatnie dla w\u0142a\u015bciciela jak i dla spo\u0142ecze\u0144stw, w kt\u00f3rych dzia\u0142amy. Poprzez nasz\u0105 dzia\u0142alno\u015b\u0107 nap\u0119dzamy zielon\u0105 przysz\u0142o\u015b\u0107.<br \/>\nAmbicj\u0105 naszej firmy jest to, aby sta\u0107 si\u0119 wiod\u0105cym deweloperem zyskownych projekt\u00f3w energetyki wiatrowej na l\u0105dzie i energetyki s\u0142onecznej. Oznacza to wzi\u0119cie na siebie znacznie wi\u0119kszej ilo\u015bci projekt\u00f3w i wprowadzenie logiki modelu projekt\u00f3w inwestycyjnych typu build-sell-operate, co oznacza, \u017ce Statkraft inicjuje i rozwija projekty \u0142\u0105cznie z szukaniem dr\u00f3g doj\u015bcia na rynek, a nast\u0119pnie sprzedaj\u0105c w nim swoje udzia\u0142y.<br \/>\nGrupa Statkraft planuje roczne inwestycje w odnawialne \u017ar\u00f3d\u0142a energii na poziomie 10 mld NOK w latach 2019-2025. Opr\u00f3cz znacz\u0105cych ulepsze\u0144 w obr\u0119bie energii wodnej na terenie Skandynawii, ambicje firmy to osi\u0105gni\u0119cie mocy 6000 MW z l\u0105dowych farm wiatrowych oraz 2000 MW z energii s\u0142onecznej do 2025 roku. Statkraft ma tak\u017ce ambicje, aby potroi\u0107 wielko\u015b\u0107 produkcji energetycznej zarz\u0105dzanej przez nas w imieniu naszych Partner\u00f3w.<br \/>\n[fusion_button link=\"http:\/\/www.statkraft.com\/\" title=\"\" target=\"_blank\" link_attributes=\"rel='nofollow'\" alignment_medium=\"\" alignment_small=\"\" alignment=\"center\" modal=\"\" hide_on_mobile=\"small-visibility,medium-visibility,large-visibility\" sticky_display=\"normal,sticky\" class=\"content_button\" id=\"\" color=\"default\" button_gradient_top_color=\"\" hue=\"\" saturation=\"\" lightness=\"\" alpha=\"\" button_gradient_bottom_color=\"\" button_gradient_top_color_hover=\"\" button_gradient_bottom_color_hover=\"\" gradient_start_position=\"\" gradient_end_position=\"\" gradient_type=\"\" radial_direction=\"\" linear_angle=\"180\" accent_color=\"\" accent_hover_color=\"\" type=\"\" bevel_color=\"\" bevel_color_hover=\"\" border_top=\"\" border_right=\"\" border_bottom=\"\" border_left=\"\" border_radius_top_left=\"\" border_radius_top_right=\"\" border_radius_bottom_right=\"\" border_radius_bottom_left=\"\" border_color=\"\" border_hover_color=\"\" size=\"\" padding_top=\"\" padding_right=\"\" padding_bottom=\"\" padding_left=\"\" fusion_font_family_button_font=\"\" fusion_font_variant_button_font=\"\" font_size=\"\" line_height=\"\" letter_spacing=\"\" text_transform=\"\" stretch=\"default\" margin_top=\"\" margin_right=\"\" margin_bottom=\"\" margin_left=\"\" icon=\"\" icon_position=\"left\" icon_divider=\"no\" animation_type=\"\" animation_direction=\"left\" animation_speed=\"0.3\" animation_offset=\"\"]www.statkraft.com[\/fusion_button]<\/p>\n","protected":false},"featured_media":9166,"template":"","meta":{"inline_featured_image":false},"product_cat":[117],"product_tag":[],"yoast_head":"<!-- This site is optimized with the Yoast SEO plugin v19.9 - https:\/\/yoast.com\/wordpress\/plugins\/seo\/ -->\n<title>Statkraft AS - Polskie Stowarzyszenie Energetyki Wiatrowej<\/title>\n<meta name=\"robots\" content=\"noindex, follow\" \/>\n<meta property=\"og:locale\" content=\"en_US\" \/>\n<meta property=\"og:type\" content=\"article\" \/>\n<meta property=\"og:title\" content=\"Statkraft AS - Polskie Stowarzyszenie Energetyki Wiatrowej\" \/>\n<meta property=\"og:description\" content=\"Statkraft jest wiod\u0105c\u0105 firm\u0105 w produkcji hydroenergetyki na \u015bwiecie oraz najwi\u0119kszym producentem energii odnawialnej w Europie. Grupa Statkraft produkuje energi\u0119 wodn\u0105, wiatrow\u0105, s\u0142oneczn\u0105 i gazow\u0105 oraz dostarcza energi\u0119 do system\u00f3w sieci ciep\u0142owniczych. Statkraft jest globaln\u0105 firm\u0105 na rynku obrotu energii. Firma zatrudnia 3500 pracownik\u00f3w w 16 krajach. W 2017 roku firma wyprodukowa\u0142a 62,6 TWh z 19.1 GW zainstalowanej mocy produkcyjnej, jak r\u00f3wnie\u017c 1.1 TWh dla system\u00f3w sieci ciep\u0142owniczych z 0,8 GW zainstalowanej mocy produkcyjnej \u2013 wytwarzaj\u0105c \u0142\u0105cznie zysk EBITDA na poziomie 14,4 mld NOK. Statkraft odgrywa wiod\u0105c\u0105 rol\u0119 w przechodzeniu na przysz\u0142o\u015bciow\u0105 gospodark\u0119 niskoemisyjn\u0105, a tak\u017ce w zwi\u0119kszeniu stopnia rozwoju elektryfikacji spo\u0142ecze\u0144stw. Jeste\u015bmy zaanga\u017cowani przy opracowywaniu i zarz\u0105dzaniu rozwi\u0105za\u0144 energetyki zielonej, inteligentnej i dochodowej. Statkraft \u0142\u0105czy znajomo\u015b\u0107 rynku bran\u017cy energetycznej i ekspertyz\u0119 w dziedzinie obs\u0142ugi i u\u017cytkowania (O&amp;M) wraz z unikalnym portfolio energetycznym, kt\u00f3ry tworzy warto\u015bci dodatnie dla w\u0142a\u015bciciela jak i dla spo\u0142ecze\u0144stw, w kt\u00f3rych dzia\u0142amy. Poprzez nasz\u0105 dzia\u0142alno\u015b\u0107 nap\u0119dzamy zielon\u0105 przysz\u0142o\u015b\u0107. Ambicj\u0105 naszej firmy jest to, aby sta\u0107 si\u0119 wiod\u0105cym deweloperem zyskownych projekt\u00f3w energetyki wiatrowej na l\u0105dzie i energetyki s\u0142onecznej. Oznacza to wzi\u0119cie na siebie znacznie wi\u0119kszej ilo\u015bci projekt\u00f3w i wprowadzenie logiki modelu projekt\u00f3w inwestycyjnych typu build-sell-operate, co oznacza, \u017ce Statkraft inicjuje i rozwija projekty \u0142\u0105cznie z szukaniem dr\u00f3g doj\u015bcia na rynek, a nast\u0119pnie sprzedaj\u0105c w nim swoje udzia\u0142y. Grupa Statkraft planuje roczne inwestycje w odnawialne \u017ar\u00f3d\u0142a energii na poziomie 10 mld NOK w latach 2019-2025. Opr\u00f3cz znacz\u0105cych ulepsze\u0144 w obr\u0119bie energii wodnej na terenie Skandynawii, ambicje firmy to osi\u0105gni\u0119cie mocy 6000 MW z l\u0105dowych farm wiatrowych oraz 2000 MW z energii s\u0142onecznej do 2025 roku. Statkraft ma tak\u017ce ambicje, aby potroi\u0107 wielko\u015b\u0107 produkcji energetycznej zarz\u0105dzanej przez nas w imieniu naszych Partner\u00f3w.\" \/>\n<meta property=\"og:url\" content=\"https:\/\/www.psew.pl\/en\/czlonkowie\/statkraft-as\/\" \/>\n<meta property=\"og:site_name\" content=\"Polskie Stowarzyszenie Energetyki Wiatrowej\" \/>\n<meta property=\"article:modified_time\" content=\"2024-09-03T13:58:39+00:00\" \/>\n<meta property=\"og:image\" content=\"https:\/\/www.psew.pl\/wp-content\/uploads\/2024\/04\/statkraft.webp\" \/>\n\t<meta property=\"og:image:width\" content=\"800\" \/>\n\t<meta property=\"og:image:height\" content=\"500\" \/>\n\t<meta property=\"og:image:type\" content=\"image\/webp\" \/>\n<meta name=\"twitter:card\" content=\"summary_large_image\" \/>\n<script type=\"application\/ld+json\" class=\"yoast-schema-graph\">{\"@context\":\"https:\/\/schema.org\",\"@graph\":[{\"@type\":\"WebPage\",\"@id\":\"https:\/\/www.psew.pl\/en\/czlonkowie\/statkraft-as\/\",\"url\":\"https:\/\/www.psew.pl\/en\/czlonkowie\/statkraft-as\/\",\"name\":\"Statkraft AS - Polskie Stowarzyszenie Energetyki Wiatrowej\",\"isPartOf\":{\"@id\":\"https:\/\/www.psew.pl\/#website\"},\"datePublished\":\"2024-04-22T14:50:50+00:00\",\"dateModified\":\"2024-09-03T13:58:39+00:00\",\"breadcrumb\":{\"@id\":\"https:\/\/www.psew.pl\/en\/czlonkowie\/statkraft-as\/#breadcrumb\"},\"inLanguage\":\"en-US\",\"potentialAction\":[{\"@type\":\"ReadAction\",\"target\":[\"https:\/\/www.psew.pl\/en\/czlonkowie\/statkraft-as\/\"]}]},{\"@type\":\"BreadcrumbList\",\"@id\":\"https:\/\/www.psew.pl\/en\/czlonkowie\/statkraft-as\/#breadcrumb\",\"itemListElement\":[{\"@type\":\"ListItem\",\"position\":1,\"name\":\"Strona g\u0142\u00f3wna\",\"item\":\"https:\/\/www.psew.pl\/en\/\"},{\"@type\":\"ListItem\",\"position\":2,\"name\":\"Members\",\"item\":\"https:\/\/www.psew.pl\/en\/members-display\/\"},{\"@type\":\"ListItem\",\"position\":3,\"name\":\"Statkraft AS\"}]},{\"@type\":\"WebSite\",\"@id\":\"https:\/\/www.psew.pl\/#website\",\"url\":\"https:\/\/www.psew.pl\/\",\"name\":\"Polskie Stowarzyszenie Energetyki Wiatrowej\",\"description\":\"PSEW\",\"potentialAction\":[{\"@type\":\"SearchAction\",\"target\":{\"@type\":\"EntryPoint\",\"urlTemplate\":\"https:\/\/www.psew.pl\/?s={search_term_string}\"},\"query-input\":\"required name=search_term_string\"}],\"inLanguage\":\"en-US\"}]}<\/script>\n<!-- \/ Yoast SEO plugin. -->","yoast_head_json":{"title":"Statkraft AS - Polskie Stowarzyszenie Energetyki Wiatrowej","robots":{"index":"noindex","follow":"follow"},"og_locale":"en_US","og_type":"article","og_title":"Statkraft AS - Polskie Stowarzyszenie Energetyki Wiatrowej","og_description":"Statkraft jest wiod\u0105c\u0105 firm\u0105 w produkcji hydroenergetyki na \u015bwiecie oraz najwi\u0119kszym producentem energii odnawialnej w Europie. Grupa Statkraft produkuje energi\u0119 wodn\u0105, wiatrow\u0105, s\u0142oneczn\u0105 i gazow\u0105 oraz dostarcza energi\u0119 do system\u00f3w sieci ciep\u0142owniczych. Statkraft jest globaln\u0105 firm\u0105 na rynku obrotu energii. Firma zatrudnia 3500 pracownik\u00f3w w 16 krajach. W 2017 roku firma wyprodukowa\u0142a 62,6 TWh z 19.1 GW zainstalowanej mocy produkcyjnej, jak r\u00f3wnie\u017c 1.1 TWh dla system\u00f3w sieci ciep\u0142owniczych z 0,8 GW zainstalowanej mocy produkcyjnej \u2013 wytwarzaj\u0105c \u0142\u0105cznie zysk EBITDA na poziomie 14,4 mld NOK. Statkraft odgrywa wiod\u0105c\u0105 rol\u0119 w przechodzeniu na przysz\u0142o\u015bciow\u0105 gospodark\u0119 niskoemisyjn\u0105, a tak\u017ce w zwi\u0119kszeniu stopnia rozwoju elektryfikacji spo\u0142ecze\u0144stw. Jeste\u015bmy zaanga\u017cowani przy opracowywaniu i zarz\u0105dzaniu rozwi\u0105za\u0144 energetyki zielonej, inteligentnej i dochodowej. Statkraft \u0142\u0105czy znajomo\u015b\u0107 rynku bran\u017cy energetycznej i ekspertyz\u0119 w dziedzinie obs\u0142ugi i u\u017cytkowania (O&amp;M) wraz z unikalnym portfolio energetycznym, kt\u00f3ry tworzy warto\u015bci dodatnie dla w\u0142a\u015bciciela jak i dla spo\u0142ecze\u0144stw, w kt\u00f3rych dzia\u0142amy. Poprzez nasz\u0105 dzia\u0142alno\u015b\u0107 nap\u0119dzamy zielon\u0105 przysz\u0142o\u015b\u0107. Ambicj\u0105 naszej firmy jest to, aby sta\u0107 si\u0119 wiod\u0105cym deweloperem zyskownych projekt\u00f3w energetyki wiatrowej na l\u0105dzie i energetyki s\u0142onecznej. Oznacza to wzi\u0119cie na siebie znacznie wi\u0119kszej ilo\u015bci projekt\u00f3w i wprowadzenie logiki modelu projekt\u00f3w inwestycyjnych typu build-sell-operate, co oznacza, \u017ce Statkraft inicjuje i rozwija projekty \u0142\u0105cznie z szukaniem dr\u00f3g doj\u015bcia na rynek, a nast\u0119pnie sprzedaj\u0105c w nim swoje udzia\u0142y. Grupa Statkraft planuje roczne inwestycje w odnawialne \u017ar\u00f3d\u0142a energii na poziomie 10 mld NOK w latach 2019-2025. Opr\u00f3cz znacz\u0105cych ulepsze\u0144 w obr\u0119bie energii wodnej na terenie Skandynawii, ambicje firmy to osi\u0105gni\u0119cie mocy 6000 MW z l\u0105dowych farm wiatrowych oraz 2000 MW z energii s\u0142onecznej do 2025 roku. Statkraft ma tak\u017ce ambicje, aby potroi\u0107 wielko\u015b\u0107 produkcji energetycznej zarz\u0105dzanej przez nas w imieniu naszych Partner\u00f3w.","og_url":"https:\/\/www.psew.pl\/en\/czlonkowie\/statkraft-as\/","og_site_name":"Polskie Stowarzyszenie Energetyki Wiatrowej","article_modified_time":"2024-09-03T13:58:39+00:00","og_image":[{"width":800,"height":500,"url":"https:\/\/www.psew.pl\/wp-content\/uploads\/2024\/04\/statkraft.webp","type":"image\/webp"}],"twitter_card":"summary_large_image","schema":{"@context":"https:\/\/schema.org","@graph":[{"@type":"WebPage","@id":"https:\/\/www.psew.pl\/en\/czlonkowie\/statkraft-as\/","url":"https:\/\/www.psew.pl\/en\/czlonkowie\/statkraft-as\/","name":"Statkraft AS - Polskie Stowarzyszenie Energetyki Wiatrowej","isPartOf":{"@id":"https:\/\/www.psew.pl\/#website"},"datePublished":"2024-04-22T14:50:50+00:00","dateModified":"2024-09-03T13:58:39+00:00","breadcrumb":{"@id":"https:\/\/www.psew.pl\/en\/czlonkowie\/statkraft-as\/#breadcrumb"},"inLanguage":"en-US","potentialAction":[{"@type":"ReadAction","target":["https:\/\/www.psew.pl\/en\/czlonkowie\/statkraft-as\/"]}]},{"@type":"BreadcrumbList","@id":"https:\/\/www.psew.pl\/en\/czlonkowie\/statkraft-as\/#breadcrumb","itemListElement":[{"@type":"ListItem","position":1,"name":"Strona g\u0142\u00f3wna","item":"https:\/\/www.psew.pl\/en\/"},{"@type":"ListItem","position":2,"name":"Members","item":"https:\/\/www.psew.pl\/en\/members-display\/"},{"@type":"ListItem","position":3,"name":"Statkraft AS"}]},{"@type":"WebSite","@id":"https:\/\/www.psew.pl\/#website","url":"https:\/\/www.psew.pl\/","name":"Polskie Stowarzyszenie Energetyki Wiatrowej","description":"PSEW","potentialAction":[{"@type":"SearchAction","target":{"@type":"EntryPoint","urlTemplate":"https:\/\/www.psew.pl\/?s={search_term_string}"},"query-input":"required name=search_term_string"}],"inLanguage":"en-US"}]}},"_links":{"self":[{"href":"https:\/\/www.psew.pl\/en\/wp-json\/wp\/v2\/product\/9343"}],"collection":[{"href":"https:\/\/www.psew.pl\/en\/wp-json\/wp\/v2\/product"}],"about":[{"href":"https:\/\/www.psew.pl\/en\/wp-json\/wp\/v2\/types\/product"}],"wp:featuredmedia":[{"embeddable":true,"href":"https:\/\/www.psew.pl\/en\/wp-json\/wp\/v2\/media\/9166"}],"wp:attachment":[{"href":"https:\/\/www.psew.pl\/en\/wp-json\/wp\/v2\/media?parent=9343"}],"wp:term":[{"taxonomy":"product_cat","embeddable":true,"href":"https:\/\/www.psew.pl\/en\/wp-json\/wp\/v2\/product_cat?post=9343"},{"taxonomy":"product_tag","embeddable":true,"href":"https:\/\/www.psew.pl\/en\/wp-json\/wp\/v2\/product_tag?post=9343"}],"curies":[{"name":"wp","href":"https:\/\/api.w.org\/{rel}","templated":true}]}}