{"id":9384,"date":"2024-04-23T06:35:35","date_gmt":"2024-04-23T06:35:35","guid":{"rendered":"https:\/\/www.psew.pl\/czlonkowie\/zaklad-uslugowo-handlowy-elwiko-stanislaw-drzaklad-uslugowo-handlowy-elwiko-stanislaw-dropikopik\/"},"modified":"2024-04-23T06:35:35","modified_gmt":"2024-04-23T06:35:35","slug":"zaklad-uslugowo-handlowy-elwiko-stanislaw-drzaklad-uslugowo-handlowy-elwiko-stanislaw-dropikopik","status":"publish","type":"product","link":"https:\/\/www.psew.pl\/en\/czlonkowie\/zaklad-uslugowo-handlowy-elwiko-stanislaw-drzaklad-uslugowo-handlowy-elwiko-stanislaw-dropikopik\/","title":{"rendered":"Zak\u0142ad Us\u0142ugowo-Handlowy ELWIKO Stanis\u0142aw DrZak\u0142ad Us\u0142ugowo-Handlowy ELWIKO Stanis\u0142aw Dropikopik"},"content":{"rendered":"","protected":false},"excerpt":{"rendered":"<p>Z.U.-H. ELWIKO Stanis\u0142aw Dropik has been operating on the market for 35 years. We sell, install and service lifting and hoisting equipment. We offer a wide selection of material handling equipment, including: cranes, winches, platforms, lifts. We prepare documentation regarding the degree of utilization of UTB RESOURCES, also in wind turbines, and perform special inspections.<br \/>\nOur company has been providing services related to maintenance work on wind turbines for 10 years: maintenance of suspended platforms, hoists, overhead cranes, cranes, inspection of BSO self-braking devices and Tirak winches, inspection and service of Hailo, HACA ladders and safety rails, preparation of documentation for registration with the Office of Technical Inspection. , conservator&#8217;s assistance in tests carried out by the Office of Technical Inspection.<br \/>\nWe have manufacturer certifications: Tractel, Hailo, DualLift, PowerClimber, HACA. We work closely with leading companies on the wind energy market.<br \/>\nWe have implemented the quality management system PN-EN ISO 9001:2015 and PN-N 18001:2004.<br \/>\n[fusion_button link=\"http:\/\/www.elwiko.pl\/\" title=\"\" target=\"_blank\" link_attributes=\"rel='nofollow'\" alignment_medium=\"\" alignment_small=\"\" alignment=\"center\" modal=\"\" hide_on_mobile=\"small-visibility,medium-visibility,large-visibility\" sticky_display=\"normal,sticky\" class=\"content_button\" id=\"\" color=\"default\" button_gradient_top_color=\"\" hue=\"\" saturation=\"\" lightness=\"\" alpha=\"\" button_gradient_bottom_color=\"\" button_gradient_top_color_hover=\"\" button_gradient_bottom_color_hover=\"\" gradient_start_position=\"\" gradient_end_position=\"\" gradient_type=\"\" radial_direction=\"\" linear_angle=\"180\" accent_color=\"\" accent_hover_color=\"\" type=\"\" bevel_color=\"\" bevel_color_hover=\"\" border_top=\"\" border_right=\"\" border_bottom=\"\" border_left=\"\" border_radius_top_left=\"\" border_radius_top_right=\"\" border_radius_bottom_right=\"\" border_radius_bottom_left=\"\" border_color=\"\" border_hover_color=\"\" size=\"\" padding_top=\"\" padding_right=\"\" padding_bottom=\"\" padding_left=\"\" fusion_font_family_button_font=\"\" fusion_font_variant_button_font=\"\" font_size=\"\" line_height=\"\" letter_spacing=\"\" text_transform=\"\" stretch=\"default\" margin_top=\"\" margin_right=\"\" margin_bottom=\"\" margin_left=\"\" icon=\"\" icon_position=\"left\" icon_divider=\"no\" animation_type=\"\" animation_direction=\"left\" animation_speed=\"0.3\" animation_offset=\"\"]www.elwiko.pl[\/fusion_button]<\/p>\n","protected":false},"featured_media":9067,"template":"","meta":{"inline_featured_image":false},"product_cat":[117],"product_tag":[],"yoast_head":"<!-- This site is optimized with the Yoast SEO plugin v19.9 - https:\/\/yoast.com\/wordpress\/plugins\/seo\/ -->\n<title>Zak\u0142ad Us\u0142ugowo-Handlowy ELWIKO Stanis\u0142aw DrZak\u0142ad Us\u0142ugowo-Handlowy ELWIKO Stanis\u0142aw Dropikopik - Polskie Stowarzyszenie Energetyki Wiatrowej<\/title>\n<meta name=\"robots\" content=\"noindex, follow\" \/>\n<meta property=\"og:locale\" content=\"en_US\" \/>\n<meta property=\"og:type\" content=\"article\" \/>\n<meta property=\"og:title\" content=\"Zak\u0142ad Us\u0142ugowo-Handlowy ELWIKO Stanis\u0142aw DrZak\u0142ad Us\u0142ugowo-Handlowy ELWIKO Stanis\u0142aw Dropikopik - Polskie Stowarzyszenie Energetyki Wiatrowej\" \/>\n<meta property=\"og:description\" content=\"Z.U.-H. ELWIKO Stanis\u0142aw Dropik has been operating on the market for 35 years. We sell, install and service lifting and hoisting equipment. We offer a wide selection of material handling equipment, including: cranes, winches, platforms, lifts. We prepare documentation regarding the degree of utilization of UTB RESOURCES, also in wind turbines, and perform special inspections. Our company has been providing services related to maintenance work on wind turbines for 10 years: maintenance of suspended platforms, hoists, overhead cranes, cranes, inspection of BSO self-braking devices and Tirak winches, inspection and service of Hailo, HACA ladders and safety rails, preparation of documentation for registration with the Office of Technical Inspection. , conservator&#039;s assistance in tests carried out by the Office of Technical Inspection. We have manufacturer certifications: Tractel, Hailo, DualLift, PowerClimber, HACA. We work closely with leading companies on the wind energy market. We have implemented the quality management system PN-EN ISO 9001:2015 and PN-N 18001:2004.\" \/>\n<meta property=\"og:url\" content=\"https:\/\/www.psew.pl\/en\/czlonkowie\/zaklad-uslugowo-handlowy-elwiko-stanislaw-drzaklad-uslugowo-handlowy-elwiko-stanislaw-dropikopik\/\" \/>\n<meta property=\"og:site_name\" content=\"Polskie Stowarzyszenie Energetyki Wiatrowej\" \/>\n<meta property=\"og:image\" content=\"https:\/\/www.psew.pl\/wp-content\/uploads\/2024\/04\/elwiko.webp\" \/>\n\t<meta property=\"og:image:width\" content=\"800\" \/>\n\t<meta property=\"og:image:height\" content=\"500\" \/>\n\t<meta property=\"og:image:type\" content=\"image\/webp\" \/>\n<meta name=\"twitter:card\" content=\"summary_large_image\" \/>\n<script type=\"application\/ld+json\" class=\"yoast-schema-graph\">{\"@context\":\"https:\/\/schema.org\",\"@graph\":[{\"@type\":\"WebPage\",\"@id\":\"https:\/\/www.psew.pl\/en\/czlonkowie\/zaklad-uslugowo-handlowy-elwiko-stanislaw-drzaklad-uslugowo-handlowy-elwiko-stanislaw-dropikopik\/\",\"url\":\"https:\/\/www.psew.pl\/en\/czlonkowie\/zaklad-uslugowo-handlowy-elwiko-stanislaw-drzaklad-uslugowo-handlowy-elwiko-stanislaw-dropikopik\/\",\"name\":\"Zak\u0142ad Us\u0142ugowo-Handlowy ELWIKO Stanis\u0142aw DrZak\u0142ad Us\u0142ugowo-Handlowy ELWIKO Stanis\u0142aw Dropikopik - Polskie Stowarzyszenie Energetyki Wiatrowej\",\"isPartOf\":{\"@id\":\"https:\/\/www.psew.pl\/#website\"},\"datePublished\":\"2024-04-23T06:35:35+00:00\",\"dateModified\":\"2024-04-23T06:35:35+00:00\",\"breadcrumb\":{\"@id\":\"https:\/\/www.psew.pl\/en\/czlonkowie\/zaklad-uslugowo-handlowy-elwiko-stanislaw-drzaklad-uslugowo-handlowy-elwiko-stanislaw-dropikopik\/#breadcrumb\"},\"inLanguage\":\"en-US\",\"potentialAction\":[{\"@type\":\"ReadAction\",\"target\":[\"https:\/\/www.psew.pl\/en\/czlonkowie\/zaklad-uslugowo-handlowy-elwiko-stanislaw-drzaklad-uslugowo-handlowy-elwiko-stanislaw-dropikopik\/\"]}]},{\"@type\":\"BreadcrumbList\",\"@id\":\"https:\/\/www.psew.pl\/en\/czlonkowie\/zaklad-uslugowo-handlowy-elwiko-stanislaw-drzaklad-uslugowo-handlowy-elwiko-stanislaw-dropikopik\/#breadcrumb\",\"itemListElement\":[{\"@type\":\"ListItem\",\"position\":1,\"name\":\"Strona g\u0142\u00f3wna\",\"item\":\"https:\/\/www.psew.pl\/en\/\"},{\"@type\":\"ListItem\",\"position\":2,\"name\":\"Members\",\"item\":\"https:\/\/www.psew.pl\/en\/members-display\/\"},{\"@type\":\"ListItem\",\"position\":3,\"name\":\"Zak\u0142ad Us\u0142ugowo-Handlowy ELWIKO Stanis\u0142aw DrZak\u0142ad Us\u0142ugowo-Handlowy ELWIKO Stanis\u0142aw Dropikopik\"}]},{\"@type\":\"WebSite\",\"@id\":\"https:\/\/www.psew.pl\/#website\",\"url\":\"https:\/\/www.psew.pl\/\",\"name\":\"Polskie Stowarzyszenie Energetyki Wiatrowej\",\"description\":\"PSEW\",\"potentialAction\":[{\"@type\":\"SearchAction\",\"target\":{\"@type\":\"EntryPoint\",\"urlTemplate\":\"https:\/\/www.psew.pl\/?s={search_term_string}\"},\"query-input\":\"required name=search_term_string\"}],\"inLanguage\":\"en-US\"}]}<\/script>\n<!-- \/ Yoast SEO plugin. -->","yoast_head_json":{"title":"Zak\u0142ad Us\u0142ugowo-Handlowy ELWIKO Stanis\u0142aw DrZak\u0142ad Us\u0142ugowo-Handlowy ELWIKO Stanis\u0142aw Dropikopik - Polskie Stowarzyszenie Energetyki Wiatrowej","robots":{"index":"noindex","follow":"follow"},"og_locale":"en_US","og_type":"article","og_title":"Zak\u0142ad Us\u0142ugowo-Handlowy ELWIKO Stanis\u0142aw DrZak\u0142ad Us\u0142ugowo-Handlowy ELWIKO Stanis\u0142aw Dropikopik - Polskie Stowarzyszenie Energetyki Wiatrowej","og_description":"Z.U.-H. ELWIKO Stanis\u0142aw Dropik has been operating on the market for 35 years. We sell, install and service lifting and hoisting equipment. We offer a wide selection of material handling equipment, including: cranes, winches, platforms, lifts. We prepare documentation regarding the degree of utilization of UTB RESOURCES, also in wind turbines, and perform special inspections. Our company has been providing services related to maintenance work on wind turbines for 10 years: maintenance of suspended platforms, hoists, overhead cranes, cranes, inspection of BSO self-braking devices and Tirak winches, inspection and service of Hailo, HACA ladders and safety rails, preparation of documentation for registration with the Office of Technical Inspection. , conservator's assistance in tests carried out by the Office of Technical Inspection. We have manufacturer certifications: Tractel, Hailo, DualLift, PowerClimber, HACA. We work closely with leading companies on the wind energy market. We have implemented the quality management system PN-EN ISO 9001:2015 and PN-N 18001:2004.","og_url":"https:\/\/www.psew.pl\/en\/czlonkowie\/zaklad-uslugowo-handlowy-elwiko-stanislaw-drzaklad-uslugowo-handlowy-elwiko-stanislaw-dropikopik\/","og_site_name":"Polskie Stowarzyszenie Energetyki Wiatrowej","og_image":[{"width":800,"height":500,"url":"https:\/\/www.psew.pl\/wp-content\/uploads\/2024\/04\/elwiko.webp","type":"image\/webp"}],"twitter_card":"summary_large_image","schema":{"@context":"https:\/\/schema.org","@graph":[{"@type":"WebPage","@id":"https:\/\/www.psew.pl\/en\/czlonkowie\/zaklad-uslugowo-handlowy-elwiko-stanislaw-drzaklad-uslugowo-handlowy-elwiko-stanislaw-dropikopik\/","url":"https:\/\/www.psew.pl\/en\/czlonkowie\/zaklad-uslugowo-handlowy-elwiko-stanislaw-drzaklad-uslugowo-handlowy-elwiko-stanislaw-dropikopik\/","name":"Zak\u0142ad Us\u0142ugowo-Handlowy ELWIKO Stanis\u0142aw DrZak\u0142ad Us\u0142ugowo-Handlowy ELWIKO Stanis\u0142aw Dropikopik - Polskie Stowarzyszenie Energetyki Wiatrowej","isPartOf":{"@id":"https:\/\/www.psew.pl\/#website"},"datePublished":"2024-04-23T06:35:35+00:00","dateModified":"2024-04-23T06:35:35+00:00","breadcrumb":{"@id":"https:\/\/www.psew.pl\/en\/czlonkowie\/zaklad-uslugowo-handlowy-elwiko-stanislaw-drzaklad-uslugowo-handlowy-elwiko-stanislaw-dropikopik\/#breadcrumb"},"inLanguage":"en-US","potentialAction":[{"@type":"ReadAction","target":["https:\/\/www.psew.pl\/en\/czlonkowie\/zaklad-uslugowo-handlowy-elwiko-stanislaw-drzaklad-uslugowo-handlowy-elwiko-stanislaw-dropikopik\/"]}]},{"@type":"BreadcrumbList","@id":"https:\/\/www.psew.pl\/en\/czlonkowie\/zaklad-uslugowo-handlowy-elwiko-stanislaw-drzaklad-uslugowo-handlowy-elwiko-stanislaw-dropikopik\/#breadcrumb","itemListElement":[{"@type":"ListItem","position":1,"name":"Strona g\u0142\u00f3wna","item":"https:\/\/www.psew.pl\/en\/"},{"@type":"ListItem","position":2,"name":"Members","item":"https:\/\/www.psew.pl\/en\/members-display\/"},{"@type":"ListItem","position":3,"name":"Zak\u0142ad Us\u0142ugowo-Handlowy ELWIKO Stanis\u0142aw DrZak\u0142ad Us\u0142ugowo-Handlowy ELWIKO Stanis\u0142aw Dropikopik"}]},{"@type":"WebSite","@id":"https:\/\/www.psew.pl\/#website","url":"https:\/\/www.psew.pl\/","name":"Polskie Stowarzyszenie Energetyki Wiatrowej","description":"PSEW","potentialAction":[{"@type":"SearchAction","target":{"@type":"EntryPoint","urlTemplate":"https:\/\/www.psew.pl\/?s={search_term_string}"},"query-input":"required name=search_term_string"}],"inLanguage":"en-US"}]}},"_links":{"self":[{"href":"https:\/\/www.psew.pl\/en\/wp-json\/wp\/v2\/product\/9384"}],"collection":[{"href":"https:\/\/www.psew.pl\/en\/wp-json\/wp\/v2\/product"}],"about":[{"href":"https:\/\/www.psew.pl\/en\/wp-json\/wp\/v2\/types\/product"}],"wp:featuredmedia":[{"embeddable":true,"href":"https:\/\/www.psew.pl\/en\/wp-json\/wp\/v2\/media\/9067"}],"wp:attachment":[{"href":"https:\/\/www.psew.pl\/en\/wp-json\/wp\/v2\/media?parent=9384"}],"wp:term":[{"taxonomy":"product_cat","embeddable":true,"href":"https:\/\/www.psew.pl\/en\/wp-json\/wp\/v2\/product_cat?post=9384"},{"taxonomy":"product_tag","embeddable":true,"href":"https:\/\/www.psew.pl\/en\/wp-json\/wp\/v2\/product_tag?post=9384"}],"curies":[{"name":"wp","href":"https:\/\/api.w.org\/{rel}","templated":true}]}}